{"id":857,"date":"2021-08-19T12:21:42","date_gmt":"2021-08-19T12:21:42","guid":{"rendered":"https:\/\/cacciaingiustizia.ch\/servizi\/"},"modified":"2021-12-01T15:15:31","modified_gmt":"2021-12-01T15:15:31","slug":"dienstleistungen","status":"publish","type":"page","link":"https:\/\/cacciaingiustizia.ch\/de\/dienstleistungen\/","title":{"rendered":"Dienstleistungen"},"content":{"rendered":"\t\t<div data-elementor-type=\"wp-page\" data-elementor-id=\"857\" class=\"elementor elementor-857 elementor-478\">\n\t\t\t\t\t\t\t\t\t<section class=\"elementor-section elementor-top-section elementor-element elementor-element-7b5c9fe elementor-section-full_width elementor-section-stretched head-int elementor-section-height-min-height elementor-section-height-default elementor-section-items-middle\" data-id=\"7b5c9fe\" data-element_type=\"section\" data-settings=\"{&quot;stretch_section&quot;:&quot;section-stretched&quot;,&quot;background_background&quot;:&quot;classic&quot;}\">\n\t\t\t\t\t\t\t<div class=\"elementor-background-overlay\"><\/div>\n\t\t\t\t\t\t\t<div class=\"elementor-container elementor-column-gap-default\">\n\t\t\t\t\t<div class=\"elementor-column elementor-col-100 elementor-top-column elementor-element elementor-element-03b1ec0\" data-id=\"03b1ec0\" data-element_type=\"column\">\n\t\t\t<div class=\"elementor-widget-wrap elementor-element-populated\">\n\t\t\t\t\t\t\t\t<div class=\"elementor-element elementor-element-9aabb91 title-int elementor-widget elementor-widget-heading\" data-id=\"9aabb91\" data-element_type=\"widget\" data-widget_type=\"heading.default\">\n\t\t\t\t<div class=\"elementor-widget-container\">\n\t\t\t<style>\/*! elementor - v3.18.0 - 20-12-2023 *\/\n.elementor-heading-title{padding:0;margin:0;line-height:1}.elementor-widget-heading .elementor-heading-title[class*=elementor-size-]>a{color:inherit;font-size:inherit;line-height:inherit}.elementor-widget-heading .elementor-heading-title.elementor-size-small{font-size:15px}.elementor-widget-heading .elementor-heading-title.elementor-size-medium{font-size:19px}.elementor-widget-heading .elementor-heading-title.elementor-size-large{font-size:29px}.elementor-widget-heading .elementor-heading-title.elementor-size-xl{font-size:39px}.elementor-widget-heading .elementor-heading-title.elementor-size-xxl{font-size:59px}<\/style><h1 class=\"elementor-heading-title elementor-size-default\">UNSERE DIENSTLEISTUNGEN<\/h1>\t\t<\/div>\n\t\t\t\t<\/div>\n\t\t\t\t\t<\/div>\n\t\t<\/div>\n\t\t\t\t\t\t\t<\/div>\n\t\t<\/section>\n\t\t\t\t<section class=\"elementor-section elementor-top-section elementor-element elementor-element-ccc5b92 servizi-hp-box elementor-section-boxed elementor-section-height-default elementor-section-height-default\" data-id=\"ccc5b92\" data-element_type=\"section\">\n\t\t\t\t\t\t<div class=\"elementor-container elementor-column-gap-default\">\n\t\t\t\t\t<div class=\"elementor-column elementor-col-25 elementor-top-column elementor-element elementor-element-ba850b1\" data-id=\"ba850b1\" data-element_type=\"column\" data-settings=\"{&quot;background_background&quot;:&quot;classic&quot;}\">\n\t\t\t<div class=\"elementor-widget-wrap elementor-element-populated\">\n\t\t\t\t\t\t\t\t<div class=\"elementor-element elementor-element-6ed5723 elementor-widget elementor-widget-heading\" data-id=\"6ed5723\" data-element_type=\"widget\" data-widget_type=\"heading.default\">\n\t\t\t\t<div class=\"elementor-widget-container\">\n\t\t\t<h3 class=\"elementor-heading-title elementor-size-default\"><a href=\"\/servizi\/\">RECHTSSCHUTZ F\u00dcR FRAUEN<\/a><\/h3>\t\t<\/div>\n\t\t\t\t<\/div>\n\t\t\t\t<div class=\"elementor-element elementor-element-f9b3dc5 elementor-widget elementor-widget-text-editor\" data-id=\"f9b3dc5\" data-element_type=\"widget\" data-widget_type=\"text-editor.default\">\n\t\t\t\t<div class=\"elementor-widget-container\">\n\t\t\t<style>\/*! elementor - v3.18.0 - 20-12-2023 *\/\n.elementor-widget-text-editor.elementor-drop-cap-view-stacked .elementor-drop-cap{background-color:#69727d;color:#fff}.elementor-widget-text-editor.elementor-drop-cap-view-framed .elementor-drop-cap{color:#69727d;border:3px solid;background-color:transparent}.elementor-widget-text-editor:not(.elementor-drop-cap-view-default) .elementor-drop-cap{margin-top:8px}.elementor-widget-text-editor:not(.elementor-drop-cap-view-default) .elementor-drop-cap-letter{width:1em;height:1em}.elementor-widget-text-editor .elementor-drop-cap{float:left;text-align:center;line-height:1;font-size:50px}.elementor-widget-text-editor .elementor-drop-cap-letter{display:inline-block}<\/style>\t\t\t\t<p style=\"text-align: center;\">Unterst\u00fctzung f\u00fcr Frauen, die Opfer von Missbrauch, physischer\/psychischer Gewalt durch ihre Partner, am Arbeitsplatz oder in anderen Bereichen sind.<\/p>\t\t\t\t\t\t<\/div>\n\t\t\t\t<\/div>\n\t\t\t\t\t<\/div>\n\t\t<\/div>\n\t\t\t\t<div class=\"elementor-column elementor-col-25 elementor-top-column elementor-element elementor-element-796393d\" data-id=\"796393d\" data-element_type=\"column\" data-settings=\"{&quot;background_background&quot;:&quot;classic&quot;}\">\n\t\t\t<div class=\"elementor-widget-wrap elementor-element-populated\">\n\t\t\t\t\t\t\t\t<div class=\"elementor-element elementor-element-caf8789 elementor-widget elementor-widget-heading\" data-id=\"caf8789\" data-element_type=\"widget\" data-widget_type=\"heading.default\">\n\t\t\t\t<div class=\"elementor-widget-container\">\n\t\t\t<h3 class=\"elementor-heading-title elementor-size-default\"><a href=\"\/servizi\/\">FAMILIENRECHT<\/a><\/h3>\t\t<\/div>\n\t\t\t\t<\/div>\n\t\t\t\t<div class=\"elementor-element elementor-element-29f5d13 elementor-widget elementor-widget-text-editor\" data-id=\"29f5d13\" data-element_type=\"widget\" data-widget_type=\"text-editor.default\">\n\t\t\t\t<div class=\"elementor-widget-container\">\n\t\t\t\t\t\t\t<p style=\"text-align: center;\">Rechtsbeistand im Bereich des Familienrechts, des Wohnungsrechts und der Verteidigung von Beziehungen.<\/p>\t\t\t\t\t\t<\/div>\n\t\t\t\t<\/div>\n\t\t\t\t\t<\/div>\n\t\t<\/div>\n\t\t\t\t<div class=\"elementor-column elementor-col-25 elementor-top-column elementor-element elementor-element-16f67de\" data-id=\"16f67de\" data-element_type=\"column\" data-settings=\"{&quot;background_background&quot;:&quot;classic&quot;}\">\n\t\t\t<div class=\"elementor-widget-wrap elementor-element-populated\">\n\t\t\t\t\t\t\t\t<div class=\"elementor-element elementor-element-07e92c7 elementor-widget elementor-widget-heading\" data-id=\"07e92c7\" data-element_type=\"widget\" data-widget_type=\"heading.default\">\n\t\t\t\t<div class=\"elementor-widget-container\">\n\t\t\t<h3 class=\"elementor-heading-title elementor-size-default\"><a href=\"\/servizi\/\">KINDERRECHTE<\/a><\/h3>\t\t<\/div>\n\t\t\t\t<\/div>\n\t\t\t\t<div class=\"elementor-element elementor-element-a416836 elementor-widget elementor-widget-text-editor\" data-id=\"a416836\" data-element_type=\"widget\" data-widget_type=\"text-editor.default\">\n\t\t\t\t<div class=\"elementor-widget-container\">\n\t\t\t\t\t\t\t<p>Unterst\u00fctzung beim Schutz der Rechte von Kindern, die Opfer von Missbrauch, physischer und psychischer Gewalt geworden sind.<\/p>\t\t\t\t\t\t<\/div>\n\t\t\t\t<\/div>\n\t\t\t\t\t<\/div>\n\t\t<\/div>\n\t\t\t\t<div class=\"elementor-column elementor-col-25 elementor-top-column elementor-element elementor-element-fe3798b\" data-id=\"fe3798b\" data-element_type=\"column\" data-settings=\"{&quot;background_background&quot;:&quot;classic&quot;}\">\n\t\t\t<div class=\"elementor-widget-wrap elementor-element-populated\">\n\t\t\t\t\t\t\t\t<div class=\"elementor-element elementor-element-780b064 elementor-widget elementor-widget-heading\" data-id=\"780b064\" data-element_type=\"widget\" data-widget_type=\"heading.default\">\n\t\t\t\t<div class=\"elementor-widget-container\">\n\t\t\t<h3 class=\"elementor-heading-title elementor-size-default\"><a href=\"\/servizi\/\">MENSCHENRECHTE<\/a><\/h3>\t\t<\/div>\n\t\t\t\t<\/div>\n\t\t\t\t<div class=\"elementor-element elementor-element-8e89141 elementor-widget elementor-widget-text-editor\" data-id=\"8e89141\" data-element_type=\"widget\" data-widget_type=\"text-editor.default\">\n\t\t\t\t<div class=\"elementor-widget-container\">\n\t\t\t\t\t\t\t<p style=\"text-align: center;\">Ziel ist der Schutz jedes Einzelnen, unabh\u00e4ngig von Herkunft, Kultur, Religion, Geschlecht, Alter oder Gesundheit.<\/p>\t\t\t\t\t\t<\/div>\n\t\t\t\t<\/div>\n\t\t\t\t\t<\/div>\n\t\t<\/div>\n\t\t\t\t\t\t\t<\/div>\n\t\t<\/section>\n\t\t\t\t<section class=\"elementor-section elementor-top-section elementor-element elementor-element-0ef521e servizi-hp-box elementor-section-boxed elementor-section-height-default elementor-section-height-default\" data-id=\"0ef521e\" data-element_type=\"section\">\n\t\t\t\t\t\t<div class=\"elementor-container elementor-column-gap-default\">\n\t\t\t\t\t<div class=\"elementor-column elementor-col-25 elementor-top-column elementor-element elementor-element-b7f9af9\" data-id=\"b7f9af9\" data-element_type=\"column\" data-settings=\"{&quot;background_background&quot;:&quot;classic&quot;}\">\n\t\t\t<div class=\"elementor-widget-wrap elementor-element-populated\">\n\t\t\t\t\t\t\t\t<div class=\"elementor-element elementor-element-d0562ad elementor-widget elementor-widget-heading\" data-id=\"d0562ad\" data-element_type=\"widget\" data-widget_type=\"heading.default\">\n\t\t\t\t<div class=\"elementor-widget-container\">\n\t\t\t<h3 class=\"elementor-heading-title elementor-size-default\"><a href=\"\/servizi\/\">ARBEITSRECHT<\/a><\/h3>\t\t<\/div>\n\t\t\t\t<\/div>\n\t\t\t\t<div class=\"elementor-element elementor-element-f1f6ad2 elementor-widget elementor-widget-text-editor\" data-id=\"f1f6ad2\" data-element_type=\"widget\" data-widget_type=\"text-editor.default\">\n\t\t\t\t<div class=\"elementor-widget-container\">\n\t\t\t\t\t\t\t<p style=\"text-align: center;\">Unser Team setzt sich f\u00fcr den Schutz der Rechte von Arbeitnehmern ein, unabh\u00e4ngig davon, ob es sich um Arbeitnehmer oder Arbeitgeber handelt.<\/p>\t\t\t\t\t\t<\/div>\n\t\t\t\t<\/div>\n\t\t\t\t\t<\/div>\n\t\t<\/div>\n\t\t\t\t<div class=\"elementor-column elementor-col-25 elementor-top-column elementor-element elementor-element-fd22e5b\" data-id=\"fd22e5b\" data-element_type=\"column\" data-settings=\"{&quot;background_background&quot;:&quot;classic&quot;}\">\n\t\t\t<div class=\"elementor-widget-wrap elementor-element-populated\">\n\t\t\t\t\t\t\t\t<div class=\"elementor-element elementor-element-bd1fcb6 elementor-widget elementor-widget-heading\" data-id=\"bd1fcb6\" data-element_type=\"widget\" data-widget_type=\"heading.default\">\n\t\t\t\t<div class=\"elementor-widget-container\">\n\t\t\t<h3 class=\"elementor-heading-title elementor-size-default\"><a href=\"\/servizi\/\">F\u00dcRSPRACHE UND HILFE BEI DER WIEDEREINGLIEDERUNG<\/a><\/h3>\t\t<\/div>\n\t\t\t\t<\/div>\n\t\t\t\t<div class=\"elementor-element elementor-element-6dfd7a5 elementor-widget elementor-widget-text-editor\" data-id=\"6dfd7a5\" data-element_type=\"widget\" data-widget_type=\"text-editor.default\">\n\t\t\t\t<div class=\"elementor-widget-container\">\n\t\t\t\t\t\t\t<p style=\"text-align: center;\">Unterst\u00fctzung bei b\u00fcrokratischen Verfahren f\u00fcr Asylantr\u00e4ge, Aufenthaltsgenehmigungen, Staatsb\u00fcrgerschaft, Familienzusammenf\u00fchrung usw.<\/p>\t\t\t\t\t\t<\/div>\n\t\t\t\t<\/div>\n\t\t\t\t\t<\/div>\n\t\t<\/div>\n\t\t\t\t<div class=\"elementor-column elementor-col-25 elementor-top-column elementor-element elementor-element-1514938\" data-id=\"1514938\" data-element_type=\"column\" data-settings=\"{&quot;background_background&quot;:&quot;classic&quot;}\">\n\t\t\t<div class=\"elementor-widget-wrap elementor-element-populated\">\n\t\t\t\t\t\t\t\t<div class=\"elementor-element elementor-element-9c5a51c elementor-widget elementor-widget-heading\" data-id=\"9c5a51c\" data-element_type=\"widget\" data-widget_type=\"heading.default\">\n\t\t\t\t<div class=\"elementor-widget-container\">\n\t\t\t<h3 class=\"elementor-heading-title elementor-size-default\"><a href=\"\/servizi\/\">WOHLT\u00c4TIGKEIT<\/a><\/h3>\t\t<\/div>\n\t\t\t\t<\/div>\n\t\t\t\t<div class=\"elementor-element elementor-element-f7dcf2f elementor-widget elementor-widget-text-editor\" data-id=\"f7dcf2f\" data-element_type=\"widget\" data-widget_type=\"text-editor.default\">\n\t\t\t\t<div class=\"elementor-widget-container\">\n\t\t\t\t\t\t\t<p style=\"text-align: center;\">Der Verein stellt Spenden, Fundraising und Finanzierungen bereit, um die Wiedereingliederung von Menschen in finanziellen und anderen Schwierigkeiten zu gew\u00e4hrleisten.<\/p>\t\t\t\t\t\t<\/div>\n\t\t\t\t<\/div>\n\t\t\t\t\t<\/div>\n\t\t<\/div>\n\t\t\t\t<div class=\"elementor-column elementor-col-25 elementor-top-column elementor-element elementor-element-55730a7\" data-id=\"55730a7\" data-element_type=\"column\" data-settings=\"{&quot;background_background&quot;:&quot;classic&quot;}\">\n\t\t\t<div class=\"elementor-widget-wrap\">\n\t\t\t\t\t\t\t\t\t<\/div>\n\t\t<\/div>\n\t\t\t\t\t\t\t<\/div>\n\t\t<\/section>\n\t\t\t\t\t\t\t<\/div>\n\t\t","protected":false},"excerpt":{"rendered":"<p>UNSERE DIENSTLEISTUNGEN RECHTSSCHUTZ F\u00dcR FRAUEN Unterst\u00fctzung f\u00fcr Frauen, die Opfer von Missbrauch, physischer\/psychischer Gewalt durch ihre Partner, am Arbeitsplatz oder in anderen Bereichen sind. FAMILIENRECHT Rechtsbeistand im Bereich des Familienrechts, des Wohnungsrechts und der Verteidigung von Beziehungen. KINDERRECHTE Unterst\u00fctzung beim Schutz der Rechte von Kindern, die Opfer von Missbrauch, physischer und psychischer Gewalt geworden sind. [&hellip;]<\/p>\n","protected":false},"author":2,"featured_media":0,"parent":0,"menu_order":0,"comment_status":"closed","ping_status":"closed","template":"","meta":{"footnotes":""},"yoast_head":"<!-- This site is optimized with the Yoast SEO plugin v22.2 - https:\/\/yoast.com\/wordpress\/plugins\/seo\/ -->\n<title>Dienstleistungen - Caccia all&#039;ingiustizia<\/title>\n<meta name=\"robots\" content=\"index, follow, max-snippet:-1, max-image-preview:large, max-video-preview:-1\" \/>\n<link rel=\"canonical\" href=\"https:\/\/cacciaingiustizia.ch\/de\/dienstleistungen\/\" \/>\n<meta property=\"og:locale\" content=\"de_DE\" \/>\n<meta property=\"og:type\" content=\"article\" \/>\n<meta property=\"og:title\" content=\"Dienstleistungen - Caccia all&#039;ingiustizia\" \/>\n<meta property=\"og:description\" content=\"UNSERE DIENSTLEISTUNGEN RECHTSSCHUTZ F\u00dcR FRAUEN Unterst\u00fctzung f\u00fcr Frauen, die Opfer von Missbrauch, physischer\/psychischer Gewalt durch ihre Partner, am Arbeitsplatz oder in anderen Bereichen sind. FAMILIENRECHT Rechtsbeistand im Bereich des Familienrechts, des Wohnungsrechts und der Verteidigung von Beziehungen. KINDERRECHTE Unterst\u00fctzung beim Schutz der Rechte von Kindern, die Opfer von Missbrauch, physischer und psychischer Gewalt geworden sind. [&hellip;]\" \/>\n<meta property=\"og:url\" content=\"https:\/\/cacciaingiustizia.ch\/de\/dienstleistungen\/\" \/>\n<meta property=\"og:site_name\" content=\"Caccia all&#039;ingiustizia\" \/>\n<meta property=\"article:modified_time\" content=\"2021-12-01T15:15:31+00:00\" \/>\n<meta name=\"twitter:card\" content=\"summary_large_image\" \/>\n<meta name=\"twitter:label1\" content=\"Gesch\u00e4tzte Lesezeit\" \/>\n\t<meta name=\"twitter:data1\" content=\"1\u00a0Minute\" \/>\n<script type=\"application\/ld+json\" class=\"yoast-schema-graph\">{\"@context\":\"https:\/\/schema.org\",\"@graph\":[{\"@type\":\"WebPage\",\"@id\":\"https:\/\/cacciaingiustizia.ch\/de\/dienstleistungen\/\",\"url\":\"https:\/\/cacciaingiustizia.ch\/de\/dienstleistungen\/\",\"name\":\"Dienstleistungen - Caccia all&#039;ingiustizia\",\"isPartOf\":{\"@id\":\"https:\/\/cacciaingiustizia.ch\/#website\"},\"datePublished\":\"2021-08-19T12:21:42+00:00\",\"dateModified\":\"2021-12-01T15:15:31+00:00\",\"breadcrumb\":{\"@id\":\"https:\/\/cacciaingiustizia.ch\/de\/dienstleistungen\/#breadcrumb\"},\"inLanguage\":\"de\",\"potentialAction\":[{\"@type\":\"ReadAction\",\"target\":[\"https:\/\/cacciaingiustizia.ch\/de\/dienstleistungen\/\"]}]},{\"@type\":\"BreadcrumbList\",\"@id\":\"https:\/\/cacciaingiustizia.ch\/de\/dienstleistungen\/#breadcrumb\",\"itemListElement\":[{\"@type\":\"ListItem\",\"position\":1,\"name\":\"Home\",\"item\":\"https:\/\/cacciaingiustizia.ch\/de\/\"},{\"@type\":\"ListItem\",\"position\":2,\"name\":\"Dienstleistungen\"}]},{\"@type\":\"WebSite\",\"@id\":\"https:\/\/cacciaingiustizia.ch\/#website\",\"url\":\"https:\/\/cacciaingiustizia.ch\/\",\"name\":\"Caccia all&#039;ingiustizia\",\"description\":\"\",\"publisher\":{\"@id\":\"https:\/\/cacciaingiustizia.ch\/#organization\"},\"potentialAction\":[{\"@type\":\"SearchAction\",\"target\":{\"@type\":\"EntryPoint\",\"urlTemplate\":\"https:\/\/cacciaingiustizia.ch\/?s={search_term_string}\"},\"query-input\":\"required name=search_term_string\"}],\"inLanguage\":\"de\"},{\"@type\":\"Organization\",\"@id\":\"https:\/\/cacciaingiustizia.ch\/#organization\",\"name\":\"Caccia all&#039;ingiustizia\",\"url\":\"https:\/\/cacciaingiustizia.ch\/\",\"logo\":{\"@type\":\"ImageObject\",\"inLanguage\":\"de\",\"@id\":\"https:\/\/cacciaingiustizia.ch\/#\/schema\/logo\/image\/\",\"url\":\"https:\/\/cacciaingiustizia.ch\/wp-content\/uploads\/2021\/08\/caccia-ingiustizia-logo-web-white.png\",\"contentUrl\":\"https:\/\/cacciaingiustizia.ch\/wp-content\/uploads\/2021\/08\/caccia-ingiustizia-logo-web-white.png\",\"width\":300,\"height\":161,\"caption\":\"Caccia all&#039;ingiustizia\"},\"image\":{\"@id\":\"https:\/\/cacciaingiustizia.ch\/#\/schema\/logo\/image\/\"}}]}<\/script>\n<!-- \/ Yoast SEO plugin. -->","yoast_head_json":{"title":"Dienstleistungen - Caccia all&#039;ingiustizia","robots":{"index":"index","follow":"follow","max-snippet":"max-snippet:-1","max-image-preview":"max-image-preview:large","max-video-preview":"max-video-preview:-1"},"canonical":"https:\/\/cacciaingiustizia.ch\/de\/dienstleistungen\/","og_locale":"de_DE","og_type":"article","og_title":"Dienstleistungen - Caccia all&#039;ingiustizia","og_description":"UNSERE DIENSTLEISTUNGEN RECHTSSCHUTZ F\u00dcR FRAUEN Unterst\u00fctzung f\u00fcr Frauen, die Opfer von Missbrauch, physischer\/psychischer Gewalt durch ihre Partner, am Arbeitsplatz oder in anderen Bereichen sind. FAMILIENRECHT Rechtsbeistand im Bereich des Familienrechts, des Wohnungsrechts und der Verteidigung von Beziehungen. KINDERRECHTE Unterst\u00fctzung beim Schutz der Rechte von Kindern, die Opfer von Missbrauch, physischer und psychischer Gewalt geworden sind. [&hellip;]","og_url":"https:\/\/cacciaingiustizia.ch\/de\/dienstleistungen\/","og_site_name":"Caccia all&#039;ingiustizia","article_modified_time":"2021-12-01T15:15:31+00:00","twitter_card":"summary_large_image","twitter_misc":{"Gesch\u00e4tzte Lesezeit":"1\u00a0Minute"},"schema":{"@context":"https:\/\/schema.org","@graph":[{"@type":"WebPage","@id":"https:\/\/cacciaingiustizia.ch\/de\/dienstleistungen\/","url":"https:\/\/cacciaingiustizia.ch\/de\/dienstleistungen\/","name":"Dienstleistungen - Caccia all&#039;ingiustizia","isPartOf":{"@id":"https:\/\/cacciaingiustizia.ch\/#website"},"datePublished":"2021-08-19T12:21:42+00:00","dateModified":"2021-12-01T15:15:31+00:00","breadcrumb":{"@id":"https:\/\/cacciaingiustizia.ch\/de\/dienstleistungen\/#breadcrumb"},"inLanguage":"de","potentialAction":[{"@type":"ReadAction","target":["https:\/\/cacciaingiustizia.ch\/de\/dienstleistungen\/"]}]},{"@type":"BreadcrumbList","@id":"https:\/\/cacciaingiustizia.ch\/de\/dienstleistungen\/#breadcrumb","itemListElement":[{"@type":"ListItem","position":1,"name":"Home","item":"https:\/\/cacciaingiustizia.ch\/de\/"},{"@type":"ListItem","position":2,"name":"Dienstleistungen"}]},{"@type":"WebSite","@id":"https:\/\/cacciaingiustizia.ch\/#website","url":"https:\/\/cacciaingiustizia.ch\/","name":"Caccia all&#039;ingiustizia","description":"","publisher":{"@id":"https:\/\/cacciaingiustizia.ch\/#organization"},"potentialAction":[{"@type":"SearchAction","target":{"@type":"EntryPoint","urlTemplate":"https:\/\/cacciaingiustizia.ch\/?s={search_term_string}"},"query-input":"required name=search_term_string"}],"inLanguage":"de"},{"@type":"Organization","@id":"https:\/\/cacciaingiustizia.ch\/#organization","name":"Caccia all&#039;ingiustizia","url":"https:\/\/cacciaingiustizia.ch\/","logo":{"@type":"ImageObject","inLanguage":"de","@id":"https:\/\/cacciaingiustizia.ch\/#\/schema\/logo\/image\/","url":"https:\/\/cacciaingiustizia.ch\/wp-content\/uploads\/2021\/08\/caccia-ingiustizia-logo-web-white.png","contentUrl":"https:\/\/cacciaingiustizia.ch\/wp-content\/uploads\/2021\/08\/caccia-ingiustizia-logo-web-white.png","width":300,"height":161,"caption":"Caccia all&#039;ingiustizia"},"image":{"@id":"https:\/\/cacciaingiustizia.ch\/#\/schema\/logo\/image\/"}}]}},"_links":{"self":[{"href":"https:\/\/cacciaingiustizia.ch\/de\/wp-json\/wp\/v2\/pages\/857"}],"collection":[{"href":"https:\/\/cacciaingiustizia.ch\/de\/wp-json\/wp\/v2\/pages"}],"about":[{"href":"https:\/\/cacciaingiustizia.ch\/de\/wp-json\/wp\/v2\/types\/page"}],"author":[{"embeddable":true,"href":"https:\/\/cacciaingiustizia.ch\/de\/wp-json\/wp\/v2\/users\/2"}],"replies":[{"embeddable":true,"href":"https:\/\/cacciaingiustizia.ch\/de\/wp-json\/wp\/v2\/comments?post=857"}],"version-history":[{"count":8,"href":"https:\/\/cacciaingiustizia.ch\/de\/wp-json\/wp\/v2\/pages\/857\/revisions"}],"predecessor-version":[{"id":915,"href":"https:\/\/cacciaingiustizia.ch\/de\/wp-json\/wp\/v2\/pages\/857\/revisions\/915"}],"wp:attachment":[{"href":"https:\/\/cacciaingiustizia.ch\/de\/wp-json\/wp\/v2\/media?parent=857"}],"curies":[{"name":"wp","href":"https:\/\/api.w.org\/{rel}","templated":true}]}}