{"id":866,"date":"2021-09-20T12:21:40","date_gmt":"2021-09-20T12:21:40","guid":{"rendered":"https:\/\/cacciaingiustizia.ch\/iscriviti\/"},"modified":"2021-12-01T15:15:11","modified_gmt":"2021-12-01T15:15:11","slug":"anmeldung","status":"publish","type":"page","link":"https:\/\/cacciaingiustizia.ch\/de\/anmeldung\/","title":{"rendered":"Anmeldung"},"content":{"rendered":"\t\t<div data-elementor-type=\"wp-page\" data-elementor-id=\"866\" class=\"elementor elementor-866 elementor-700\">\n\t\t\t\t\t\t\t\t\t<section class=\"elementor-section elementor-top-section elementor-element elementor-element-7b5c9fe elementor-section-full_width elementor-section-stretched head-int elementor-section-height-min-height elementor-section-height-default elementor-section-items-middle\" data-id=\"7b5c9fe\" data-element_type=\"section\" data-settings=\"{&quot;stretch_section&quot;:&quot;section-stretched&quot;,&quot;background_background&quot;:&quot;classic&quot;}\">\n\t\t\t\t\t\t\t<div class=\"elementor-background-overlay\"><\/div>\n\t\t\t\t\t\t\t<div class=\"elementor-container elementor-column-gap-default\">\n\t\t\t\t\t<div class=\"elementor-column elementor-col-100 elementor-top-column elementor-element elementor-element-03b1ec0\" data-id=\"03b1ec0\" data-element_type=\"column\">\n\t\t\t<div class=\"elementor-widget-wrap elementor-element-populated\">\n\t\t\t\t\t\t\t\t<div class=\"elementor-element elementor-element-9aabb91 title-int elementor-widget elementor-widget-heading\" data-id=\"9aabb91\" data-element_type=\"widget\" data-widget_type=\"heading.default\">\n\t\t\t\t<div class=\"elementor-widget-container\">\n\t\t\t<style>\/*! elementor - v3.18.0 - 20-12-2023 *\/\n.elementor-heading-title{padding:0;margin:0;line-height:1}.elementor-widget-heading .elementor-heading-title[class*=elementor-size-]>a{color:inherit;font-size:inherit;line-height:inherit}.elementor-widget-heading .elementor-heading-title.elementor-size-small{font-size:15px}.elementor-widget-heading .elementor-heading-title.elementor-size-medium{font-size:19px}.elementor-widget-heading .elementor-heading-title.elementor-size-large{font-size:29px}.elementor-widget-heading .elementor-heading-title.elementor-size-xl{font-size:39px}.elementor-widget-heading .elementor-heading-title.elementor-size-xxl{font-size:59px}<\/style><h1 class=\"elementor-heading-title elementor-size-default\">MELDEN SIE SICH AN<\/h1>\t\t<\/div>\n\t\t\t\t<\/div>\n\t\t\t\t\t<\/div>\n\t\t<\/div>\n\t\t\t\t\t\t\t<\/div>\n\t\t<\/section>\n\t\t\t\t<section class=\"elementor-section elementor-top-section elementor-element elementor-element-02d6d9a elementor-section-boxed elementor-section-height-default elementor-section-height-default\" data-id=\"02d6d9a\" data-element_type=\"section\">\n\t\t\t\t\t\t<div class=\"elementor-container elementor-column-gap-default\">\n\t\t\t\t\t<div class=\"elementor-column elementor-col-100 elementor-top-column elementor-element elementor-element-240897e\" data-id=\"240897e\" data-element_type=\"column\">\n\t\t\t<div class=\"elementor-widget-wrap elementor-element-populated\">\n\t\t\t\t\t\t\t\t<div class=\"elementor-element elementor-element-9afd73e elementor-widget elementor-widget-text-editor\" data-id=\"9afd73e\" data-element_type=\"widget\" data-widget_type=\"text-editor.default\">\n\t\t\t\t<div class=\"elementor-widget-container\">\n\t\t\t<style>\/*! elementor - v3.18.0 - 20-12-2023 *\/\n.elementor-widget-text-editor.elementor-drop-cap-view-stacked .elementor-drop-cap{background-color:#69727d;color:#fff}.elementor-widget-text-editor.elementor-drop-cap-view-framed .elementor-drop-cap{color:#69727d;border:3px solid;background-color:transparent}.elementor-widget-text-editor:not(.elementor-drop-cap-view-default) .elementor-drop-cap{margin-top:8px}.elementor-widget-text-editor:not(.elementor-drop-cap-view-default) .elementor-drop-cap-letter{width:1em;height:1em}.elementor-widget-text-editor .elementor-drop-cap{float:left;text-align:center;line-height:1;font-size:50px}.elementor-widget-text-editor .elementor-drop-cap-letter{display:inline-block}<\/style>\t\t\t\t<p>Nachfolgend finden Sie die Informationen, die Sie ben\u00f6tigen, um sich bei unserer Vereinigung zu registrieren<\/p>\t\t\t\t\t\t<\/div>\n\t\t\t\t<\/div>\n\t\t\t\t\t<\/div>\n\t\t<\/div>\n\t\t\t\t\t\t\t<\/div>\n\t\t<\/section>\n\t\t\t\t<section class=\"elementor-section elementor-top-section elementor-element elementor-element-20219b5 elementor-section-stretched elementor-section-boxed elementor-section-height-default elementor-section-height-default\" data-id=\"20219b5\" data-element_type=\"section\" data-settings=\"{&quot;stretch_section&quot;:&quot;section-stretched&quot;,&quot;background_background&quot;:&quot;classic&quot;}\">\n\t\t\t\t\t\t<div class=\"elementor-container elementor-column-gap-default\">\n\t\t\t\t\t<div class=\"elementor-column elementor-col-100 elementor-top-column elementor-element elementor-element-45b5054\" data-id=\"45b5054\" data-element_type=\"column\">\n\t\t\t<div class=\"elementor-widget-wrap elementor-element-populated\">\n\t\t\t\t\t\t\t\t<div class=\"elementor-element elementor-element-76a0482 elementor-widget elementor-widget-heading\" data-id=\"76a0482\" data-element_type=\"widget\" data-widget_type=\"heading.default\">\n\t\t\t\t<div class=\"elementor-widget-container\">\n\t\t\t<h2 class=\"elementor-heading-title elementor-size-default\">BEANTRAGEN SIE DIE MITGLIEDSCHAFT!<\/h2>\t\t<\/div>\n\t\t\t\t<\/div>\n\t\t\t\t<div class=\"elementor-element elementor-element-4542abc elementor-widget elementor-widget-text-editor\" data-id=\"4542abc\" data-element_type=\"widget\" data-widget_type=\"text-editor.default\">\n\t\t\t\t<div class=\"elementor-widget-container\">\n\t\t\t\t\t\t\t\n<div class=\"wpcf7 no-js\" id=\"wpcf7-f872-o1\" lang=\"it-IT\" dir=\"ltr\">\n<div class=\"screen-reader-response\"><p role=\"status\" aria-live=\"polite\" aria-atomic=\"true\"><\/p> <ul><\/ul><\/div>\n<form action=\"\/de\/wp-json\/wp\/v2\/pages\/866#wpcf7-f872-o1\" method=\"post\" class=\"wpcf7-form init\" aria-label=\"Modulo di contatto\" novalidate=\"novalidate\" data-status=\"init\">\n<div style=\"display: none;\">\n<input type=\"hidden\" name=\"_wpcf7\" value=\"872\" \/>\n<input type=\"hidden\" name=\"_wpcf7_version\" value=\"5.8.5\" \/>\n<input type=\"hidden\" name=\"_wpcf7_locale\" value=\"it_IT\" \/>\n<input type=\"hidden\" name=\"_wpcf7_unit_tag\" value=\"wpcf7-f872-o1\" \/>\n<input type=\"hidden\" name=\"_wpcf7_container_post\" value=\"0\" \/>\n<input type=\"hidden\" name=\"_wpcf7_posted_data_hash\" value=\"\" \/>\n<input type=\"hidden\" name=\"_wpcf7_recaptcha_response\" value=\"\" \/>\n<\/div>\n<div id=\"responsive-form\" class=\"clearfix\">\n\t<div class=\"form-row\">\n\t\t<div class=\"column-half\">\n\t\t\t<p><span class=\"wpcf7-form-control-wrap\" data-name=\"appellativo\"><input size=\"40\" class=\"wpcf7-form-control wpcf7-text wpcf7-validates-as-required\" aria-required=\"true\" aria-invalid=\"false\" placeholder=\"Herr\/Frau *\" value=\"\" type=\"text\" name=\"appellativo\" \/><\/span>\n\t\t\t<\/p>\n\t\t<\/div>\n\t\t<div class=\"column-half\">\n\t\t\t<p><span class=\"wpcf7-form-control-wrap\" data-name=\"nome\"><input size=\"40\" class=\"wpcf7-form-control wpcf7-text wpcf7-validates-as-required\" aria-required=\"true\" aria-invalid=\"false\" placeholder=\"Vorname *\" value=\"\" type=\"text\" name=\"nome\" \/><\/span>\n\t\t\t<\/p>\n\t\t<\/div>\n\t<\/div>\n\t<div class=\"form-row\">\n\t\t<div class=\"column-half\">\n\t\t\t<p><span class=\"wpcf7-form-control-wrap\" data-name=\"cognome\"><input size=\"40\" class=\"wpcf7-form-control wpcf7-text wpcf7-validates-as-required\" aria-required=\"true\" aria-invalid=\"false\" placeholder=\"Nachname *\" value=\"\" type=\"text\" name=\"cognome\" \/><\/span>\n\t\t\t<\/p>\n\t\t<\/div>\n\t\t<div class=\"column-half\">\n\t\t\t<p><span class=\"wpcf7-form-control-wrap\" data-name=\"professione\"><input size=\"40\" class=\"wpcf7-form-control wpcf7-text wpcf7-validates-as-required\" aria-required=\"true\" aria-invalid=\"false\" placeholder=\"Beruf *\" value=\"\" type=\"text\" name=\"professione\" \/><\/span>\n\t\t\t<\/p>\n\t\t<\/div>\n\t<\/div>\n\t<div class=\"form-row\">\n\t\t<div class=\"column-half\">\n\t\t\t<p><span class=\"wpcf7-form-control-wrap\" data-name=\"data-nascita\"><input size=\"40\" class=\"wpcf7-form-control wpcf7-text wpcf7-validates-as-required walcf7-datepicker\" aria-required=\"true\" aria-invalid=\"false\" placeholder=\"Geburtsdatum *\" value=\"\" type=\"text\" name=\"data-nascita\" \/><\/span>\n\t\t\t<\/p>\n\t\t<\/div>\n\t\t<div class=\"column-half\">\n\t\t\t<p><span class=\"wpcf7-form-control-wrap\" data-name=\"luogo-nascita\"><input size=\"40\" class=\"wpcf7-form-control wpcf7-text wpcf7-validates-as-required\" aria-required=\"true\" aria-invalid=\"false\" placeholder=\"Geburtsort *\" value=\"\" type=\"text\" name=\"luogo-nascita\" \/><\/span>\n\t\t\t<\/p>\n\t\t<\/div>\n\t<\/div>\n\t<div class=\"form-row\">\n\t\t<div class=\"column-half\">\n\t\t\t<p><span class=\"wpcf7-form-control-wrap\" data-name=\"indirizzo\"><input size=\"40\" class=\"wpcf7-form-control wpcf7-text wpcf7-validates-as-required\" aria-required=\"true\" aria-invalid=\"false\" placeholder=\"Adresse *\" value=\"\" type=\"text\" name=\"indirizzo\" \/><\/span>\n\t\t\t<\/p>\n\t\t<\/div>\n\t\t<div class=\"column-half\">\n\t\t\t<p><span class=\"wpcf7-form-control-wrap\" data-name=\"cap\"><input size=\"40\" class=\"wpcf7-form-control wpcf7-text wpcf7-validates-as-required\" aria-required=\"true\" aria-invalid=\"false\" placeholder=\"PLZ *\" value=\"\" type=\"text\" name=\"cap\" \/><\/span>\n\t\t\t<\/p>\n\t\t<\/div>\n\t<\/div>\n\t<div class=\"form-row\">\n\t\t<div class=\"column-half\">\n\t\t\t<p><span class=\"wpcf7-form-control-wrap\" data-name=\"localita\"><input size=\"40\" class=\"wpcf7-form-control wpcf7-text wpcf7-validates-as-required\" aria-required=\"true\" aria-invalid=\"false\" placeholder=\"Ort *\" value=\"\" type=\"text\" name=\"localita\" \/><\/span>\n\t\t\t<\/p>\n\t\t<\/div>\n\t\t<div class=\"column-half\">\n\t\t\t<p><span class=\"wpcf7-form-control-wrap\" data-name=\"nazione\"><input size=\"40\" class=\"wpcf7-form-control wpcf7-text wpcf7-validates-as-required\" aria-required=\"true\" aria-invalid=\"false\" placeholder=\"Nationalit\u00e4t *\" value=\"\" type=\"text\" name=\"nazione\" \/><\/span>\n\t\t\t<\/p>\n\t\t<\/div>\n\t<\/div>\n\t<div class=\"form-row\">\n\t\t<div class=\"column-half\">\n\t\t\t<p><span class=\"wpcf7-form-control-wrap\" data-name=\"email\"><input size=\"40\" class=\"wpcf7-form-control wpcf7-email wpcf7-validates-as-required wpcf7-text wpcf7-validates-as-email\" aria-required=\"true\" aria-invalid=\"false\" placeholder=\"Email *\" value=\"\" type=\"email\" name=\"email\" \/><\/span>\n\t\t\t<\/p>\n\t\t<\/div>\n\t\t<div class=\"column-half\">\n\t\t\t<p><span class=\"wpcf7-form-control-wrap\" data-name=\"telefono\"><input size=\"40\" class=\"wpcf7-form-control wpcf7-tel wpcf7-validates-as-required wpcf7-text wpcf7-validates-as-tel\" aria-required=\"true\" aria-invalid=\"false\" placeholder=\"Telefon *\" value=\"\" type=\"tel\" name=\"telefono\" \/><\/span>\n\t\t\t<\/p>\n\t\t<\/div>\n\t<\/div>\n\t<div class=\"form-row\">\n\t\t<div class=\"column-full\">\n\t\t\t<p><span class=\"wpcf7-form-control-wrap\" data-name=\"your-message\"><textarea cols=\"40\" rows=\"10\" class=\"wpcf7-form-control wpcf7-textarea\" aria-invalid=\"false\" placeholder=\"Kommentare\" name=\"your-message\"><\/textarea><\/span>\n\t\t\t<\/p>\n\t\t<\/div>\n\t<\/div>\n\t<div class=\"form-row\">\n\t\t<div class=\"column-half\">\n\t\t\t<p><span class=\"wpcf7-form-control-wrap\" data-name=\"statuto\"><span class=\"wpcf7-form-control wpcf7-acceptance\"><span class=\"wpcf7-list-item\"><label><input type=\"checkbox\" name=\"statuto\" value=\"1\" aria-invalid=\"false\" \/><span class=\"wpcf7-list-item-label\">Ich habe die <a href=\"\/wp-content\/uploads\/2021\/09\/statuto-associazione.pdf\" target=\"_blank\">Gesch\u00e4ftsbedingungen<\/a>  gelesen und best\u00e4tige meine Anmeldung *.<\/span><\/label><\/span><\/span><\/span><br \/>\n<span class=\"wpcf7-form-control-wrap\" data-name=\"newsletter\"><span class=\"wpcf7-form-control wpcf7-checkbox\"><span class=\"wpcf7-list-item first last\"><label><input type=\"checkbox\" name=\"newsletter[]\" value=\"Abonnieren Sie den Newsletter\" \/><span class=\"wpcf7-list-item-label\">Abonnieren Sie den Newsletter<\/span><\/label><\/span><\/span><\/span>\n\t\t\t<\/p>\n\t\t<\/div>\n\t\t<div class=\"column-half\">\n\t\t\t<p><span class=\"wpcf7-form-control-wrap\" data-name=\"gdpr\"><span class=\"wpcf7-form-control wpcf7-checkbox wpcf7-validates-as-required\"><span class=\"wpcf7-list-item first last\"><label><input type=\"checkbox\" name=\"gdpr[]\" value=\"Ich best\u00e4tige, dass ich mit der Verarbeitung meiner personenbezogenen Daten gem\u00e4\u00df der EU-Verordnung 679\/2016 (GDPR) einverstanden bin. *\" \/><span class=\"wpcf7-list-item-label\">Ich best\u00e4tige, dass ich mit der Verarbeitung meiner personenbezogenen Daten gem\u00e4\u00df der EU-Verordnung 679\/2016 (GDPR) einverstanden bin. *<\/span><\/label><\/span><\/span><\/span>\n\t\t\t<\/p>\n\t\t<\/div>\n\t<\/div>\n\t<div class=\"form-row\">\n\t\t<div class=\"column-full\">\n\t\t\t<p><input class=\"wpcf7-form-control wpcf7-submit has-spinner\" type=\"submit\" value=\"Senden Sie Ihre Anfrage\" \/>\n\t\t\t<\/p>\n\t\t<\/div>\n\t<\/div>\n<\/div><div class=\"wpcf7-response-output\" aria-hidden=\"true\"><\/div>\n<\/form>\n<\/div>\n\t\t\t\t\t\t<\/div>\n\t\t\t\t<\/div>\n\t\t\t\t\t<\/div>\n\t\t<\/div>\n\t\t\t\t\t\t\t<\/div>\n\t\t<\/section>\n\t\t\t\t\t\t\t<\/div>\n\t\t","protected":false},"excerpt":{"rendered":"<p>MELDEN SIE SICH AN Nachfolgend finden Sie die Informationen, die Sie ben\u00f6tigen, um sich bei unserer Vereinigung zu registrieren BEANTRAGEN SIE DIE MITGLIEDSCHAFT!<\/p>\n","protected":false},"author":4,"featured_media":0,"parent":0,"menu_order":0,"comment_status":"closed","ping_status":"closed","template":"","meta":{"footnotes":""},"yoast_head":"<!-- This site is optimized with the Yoast SEO plugin v22.2 - https:\/\/yoast.com\/wordpress\/plugins\/seo\/ -->\n<title>Anmeldung - Caccia all&#039;ingiustizia<\/title>\n<meta name=\"robots\" content=\"index, follow, max-snippet:-1, max-image-preview:large, max-video-preview:-1\" \/>\n<link rel=\"canonical\" href=\"https:\/\/cacciaingiustizia.ch\/de\/anmeldung\/\" \/>\n<meta property=\"og:locale\" content=\"de_DE\" \/>\n<meta property=\"og:type\" content=\"article\" \/>\n<meta property=\"og:title\" content=\"Anmeldung - Caccia all&#039;ingiustizia\" \/>\n<meta property=\"og:description\" content=\"MELDEN SIE SICH AN Nachfolgend finden Sie die Informationen, die Sie ben\u00f6tigen, um sich bei unserer Vereinigung zu registrieren BEANTRAGEN SIE DIE MITGLIEDSCHAFT!\" \/>\n<meta property=\"og:url\" content=\"https:\/\/cacciaingiustizia.ch\/de\/anmeldung\/\" \/>\n<meta property=\"og:site_name\" content=\"Caccia all&#039;ingiustizia\" \/>\n<meta property=\"article:modified_time\" content=\"2021-12-01T15:15:11+00:00\" \/>\n<meta name=\"twitter:card\" content=\"summary_large_image\" \/>\n<meta name=\"twitter:label1\" content=\"Gesch\u00e4tzte Lesezeit\" \/>\n\t<meta name=\"twitter:data1\" content=\"1\u00a0Minute\" \/>\n<script type=\"application\/ld+json\" class=\"yoast-schema-graph\">{\"@context\":\"https:\/\/schema.org\",\"@graph\":[{\"@type\":\"WebPage\",\"@id\":\"https:\/\/cacciaingiustizia.ch\/de\/anmeldung\/\",\"url\":\"https:\/\/cacciaingiustizia.ch\/de\/anmeldung\/\",\"name\":\"Anmeldung - Caccia all&#039;ingiustizia\",\"isPartOf\":{\"@id\":\"https:\/\/cacciaingiustizia.ch\/#website\"},\"datePublished\":\"2021-09-20T12:21:40+00:00\",\"dateModified\":\"2021-12-01T15:15:11+00:00\",\"breadcrumb\":{\"@id\":\"https:\/\/cacciaingiustizia.ch\/de\/anmeldung\/#breadcrumb\"},\"inLanguage\":\"de\",\"potentialAction\":[{\"@type\":\"ReadAction\",\"target\":[\"https:\/\/cacciaingiustizia.ch\/de\/anmeldung\/\"]}]},{\"@type\":\"BreadcrumbList\",\"@id\":\"https:\/\/cacciaingiustizia.ch\/de\/anmeldung\/#breadcrumb\",\"itemListElement\":[{\"@type\":\"ListItem\",\"position\":1,\"name\":\"Home\",\"item\":\"https:\/\/cacciaingiustizia.ch\/de\/\"},{\"@type\":\"ListItem\",\"position\":2,\"name\":\"Anmeldung\"}]},{\"@type\":\"WebSite\",\"@id\":\"https:\/\/cacciaingiustizia.ch\/#website\",\"url\":\"https:\/\/cacciaingiustizia.ch\/\",\"name\":\"Caccia all&#039;ingiustizia\",\"description\":\"\",\"publisher\":{\"@id\":\"https:\/\/cacciaingiustizia.ch\/#organization\"},\"potentialAction\":[{\"@type\":\"SearchAction\",\"target\":{\"@type\":\"EntryPoint\",\"urlTemplate\":\"https:\/\/cacciaingiustizia.ch\/?s={search_term_string}\"},\"query-input\":\"required name=search_term_string\"}],\"inLanguage\":\"de\"},{\"@type\":\"Organization\",\"@id\":\"https:\/\/cacciaingiustizia.ch\/#organization\",\"name\":\"Caccia all&#039;ingiustizia\",\"url\":\"https:\/\/cacciaingiustizia.ch\/\",\"logo\":{\"@type\":\"ImageObject\",\"inLanguage\":\"de\",\"@id\":\"https:\/\/cacciaingiustizia.ch\/#\/schema\/logo\/image\/\",\"url\":\"https:\/\/cacciaingiustizia.ch\/wp-content\/uploads\/2021\/08\/caccia-ingiustizia-logo-web-white.png\",\"contentUrl\":\"https:\/\/cacciaingiustizia.ch\/wp-content\/uploads\/2021\/08\/caccia-ingiustizia-logo-web-white.png\",\"width\":300,\"height\":161,\"caption\":\"Caccia all&#039;ingiustizia\"},\"image\":{\"@id\":\"https:\/\/cacciaingiustizia.ch\/#\/schema\/logo\/image\/\"}}]}<\/script>\n<!-- \/ Yoast SEO plugin. -->","yoast_head_json":{"title":"Anmeldung - Caccia all&#039;ingiustizia","robots":{"index":"index","follow":"follow","max-snippet":"max-snippet:-1","max-image-preview":"max-image-preview:large","max-video-preview":"max-video-preview:-1"},"canonical":"https:\/\/cacciaingiustizia.ch\/de\/anmeldung\/","og_locale":"de_DE","og_type":"article","og_title":"Anmeldung - Caccia all&#039;ingiustizia","og_description":"MELDEN SIE SICH AN Nachfolgend finden Sie die Informationen, die Sie ben\u00f6tigen, um sich bei unserer Vereinigung zu registrieren BEANTRAGEN SIE DIE MITGLIEDSCHAFT!","og_url":"https:\/\/cacciaingiustizia.ch\/de\/anmeldung\/","og_site_name":"Caccia all&#039;ingiustizia","article_modified_time":"2021-12-01T15:15:11+00:00","twitter_card":"summary_large_image","twitter_misc":{"Gesch\u00e4tzte Lesezeit":"1\u00a0Minute"},"schema":{"@context":"https:\/\/schema.org","@graph":[{"@type":"WebPage","@id":"https:\/\/cacciaingiustizia.ch\/de\/anmeldung\/","url":"https:\/\/cacciaingiustizia.ch\/de\/anmeldung\/","name":"Anmeldung - Caccia all&#039;ingiustizia","isPartOf":{"@id":"https:\/\/cacciaingiustizia.ch\/#website"},"datePublished":"2021-09-20T12:21:40+00:00","dateModified":"2021-12-01T15:15:11+00:00","breadcrumb":{"@id":"https:\/\/cacciaingiustizia.ch\/de\/anmeldung\/#breadcrumb"},"inLanguage":"de","potentialAction":[{"@type":"ReadAction","target":["https:\/\/cacciaingiustizia.ch\/de\/anmeldung\/"]}]},{"@type":"BreadcrumbList","@id":"https:\/\/cacciaingiustizia.ch\/de\/anmeldung\/#breadcrumb","itemListElement":[{"@type":"ListItem","position":1,"name":"Home","item":"https:\/\/cacciaingiustizia.ch\/de\/"},{"@type":"ListItem","position":2,"name":"Anmeldung"}]},{"@type":"WebSite","@id":"https:\/\/cacciaingiustizia.ch\/#website","url":"https:\/\/cacciaingiustizia.ch\/","name":"Caccia all&#039;ingiustizia","description":"","publisher":{"@id":"https:\/\/cacciaingiustizia.ch\/#organization"},"potentialAction":[{"@type":"SearchAction","target":{"@type":"EntryPoint","urlTemplate":"https:\/\/cacciaingiustizia.ch\/?s={search_term_string}"},"query-input":"required name=search_term_string"}],"inLanguage":"de"},{"@type":"Organization","@id":"https:\/\/cacciaingiustizia.ch\/#organization","name":"Caccia all&#039;ingiustizia","url":"https:\/\/cacciaingiustizia.ch\/","logo":{"@type":"ImageObject","inLanguage":"de","@id":"https:\/\/cacciaingiustizia.ch\/#\/schema\/logo\/image\/","url":"https:\/\/cacciaingiustizia.ch\/wp-content\/uploads\/2021\/08\/caccia-ingiustizia-logo-web-white.png","contentUrl":"https:\/\/cacciaingiustizia.ch\/wp-content\/uploads\/2021\/08\/caccia-ingiustizia-logo-web-white.png","width":300,"height":161,"caption":"Caccia all&#039;ingiustizia"},"image":{"@id":"https:\/\/cacciaingiustizia.ch\/#\/schema\/logo\/image\/"}}]}},"_links":{"self":[{"href":"https:\/\/cacciaingiustizia.ch\/de\/wp-json\/wp\/v2\/pages\/866"}],"collection":[{"href":"https:\/\/cacciaingiustizia.ch\/de\/wp-json\/wp\/v2\/pages"}],"about":[{"href":"https:\/\/cacciaingiustizia.ch\/de\/wp-json\/wp\/v2\/types\/page"}],"author":[{"embeddable":true,"href":"https:\/\/cacciaingiustizia.ch\/de\/wp-json\/wp\/v2\/users\/4"}],"replies":[{"embeddable":true,"href":"https:\/\/cacciaingiustizia.ch\/de\/wp-json\/wp\/v2\/comments?post=866"}],"version-history":[{"count":14,"href":"https:\/\/cacciaingiustizia.ch\/de\/wp-json\/wp\/v2\/pages\/866\/revisions"}],"predecessor-version":[{"id":914,"href":"https:\/\/cacciaingiustizia.ch\/de\/wp-json\/wp\/v2\/pages\/866\/revisions\/914"}],"wp:attachment":[{"href":"https:\/\/cacciaingiustizia.ch\/de\/wp-json\/wp\/v2\/media?parent=866"}],"curies":[{"name":"wp","href":"https:\/\/api.w.org\/{rel}","templated":true}]}}