{"id":876,"date":"2021-08-19T14:21:24","date_gmt":"2021-08-19T14:21:24","guid":{"rendered":"https:\/\/cacciaingiustizia.ch\/donazione\/"},"modified":"2022-04-19T13:04:46","modified_gmt":"2022-04-19T13:04:46","slug":"spende","status":"publish","type":"page","link":"https:\/\/cacciaingiustizia.ch\/de\/spende\/","title":{"rendered":"Spende"},"content":{"rendered":"\t\t<div data-elementor-type=\"wp-page\" data-elementor-id=\"876\" class=\"elementor elementor-876 elementor-556\">\n\t\t\t\t\t\t\t\t\t<section class=\"elementor-section elementor-top-section elementor-element elementor-element-7b5c9fe elementor-section-full_width elementor-section-stretched head-int elementor-section-height-min-height elementor-section-height-default elementor-section-items-middle\" data-id=\"7b5c9fe\" data-element_type=\"section\" data-settings=\"{&quot;stretch_section&quot;:&quot;section-stretched&quot;,&quot;background_background&quot;:&quot;classic&quot;}\">\n\t\t\t\t\t\t\t<div class=\"elementor-background-overlay\"><\/div>\n\t\t\t\t\t\t\t<div class=\"elementor-container elementor-column-gap-default\">\n\t\t\t\t\t<div class=\"elementor-column elementor-col-100 elementor-top-column elementor-element elementor-element-03b1ec0\" data-id=\"03b1ec0\" data-element_type=\"column\">\n\t\t\t<div class=\"elementor-widget-wrap elementor-element-populated\">\n\t\t\t\t\t\t\t\t<div class=\"elementor-element elementor-element-9aabb91 title-int elementor-widget elementor-widget-heading\" data-id=\"9aabb91\" data-element_type=\"widget\" data-widget_type=\"heading.default\">\n\t\t\t\t<div class=\"elementor-widget-container\">\n\t\t\t<style>\/*! elementor - v3.18.0 - 20-12-2023 *\/\n.elementor-heading-title{padding:0;margin:0;line-height:1}.elementor-widget-heading .elementor-heading-title[class*=elementor-size-]>a{color:inherit;font-size:inherit;line-height:inherit}.elementor-widget-heading .elementor-heading-title.elementor-size-small{font-size:15px}.elementor-widget-heading .elementor-heading-title.elementor-size-medium{font-size:19px}.elementor-widget-heading .elementor-heading-title.elementor-size-large{font-size:29px}.elementor-widget-heading .elementor-heading-title.elementor-size-xl{font-size:39px}.elementor-widget-heading .elementor-heading-title.elementor-size-xxl{font-size:59px}<\/style><h1 class=\"elementor-heading-title elementor-size-default\">SPENDE<\/h1>\t\t<\/div>\n\t\t\t\t<\/div>\n\t\t\t\t\t<\/div>\n\t\t<\/div>\n\t\t\t\t\t\t\t<\/div>\n\t\t<\/section>\n\t\t\t\t<section class=\"elementor-section elementor-top-section elementor-element elementor-element-20219b5 elementor-section-stretched donazioni-hp elementor-section-boxed elementor-section-height-default elementor-section-height-default\" data-id=\"20219b5\" data-element_type=\"section\" data-settings=\"{&quot;stretch_section&quot;:&quot;section-stretched&quot;,&quot;background_background&quot;:&quot;classic&quot;}\">\n\t\t\t\t\t\t<div class=\"elementor-container elementor-column-gap-default\">\n\t\t\t\t\t<div class=\"elementor-column elementor-col-100 elementor-top-column elementor-element elementor-element-45b5054\" data-id=\"45b5054\" data-element_type=\"column\">\n\t\t\t<div class=\"elementor-widget-wrap elementor-element-populated\">\n\t\t\t\t\t\t\t\t<div class=\"elementor-element elementor-element-76a0482 elementor-widget elementor-widget-heading\" data-id=\"76a0482\" data-element_type=\"widget\" data-widget_type=\"heading.default\">\n\t\t\t\t<div class=\"elementor-widget-container\">\n\t\t\t<h2 class=\"elementor-heading-title elementor-size-default\">LEBENSMITTELSPENDEN<\/h2>\t\t<\/div>\n\t\t\t\t<\/div>\n\t\t\t\t<div class=\"elementor-element elementor-element-24a7f62 elementor-widget elementor-widget-text-editor\" data-id=\"24a7f62\" data-element_type=\"widget\" data-widget_type=\"text-editor.default\">\n\t\t\t\t<div class=\"elementor-widget-container\">\n\t\t\t<style>\/*! elementor - v3.18.0 - 20-12-2023 *\/\n.elementor-widget-text-editor.elementor-drop-cap-view-stacked .elementor-drop-cap{background-color:#69727d;color:#fff}.elementor-widget-text-editor.elementor-drop-cap-view-framed .elementor-drop-cap{color:#69727d;border:3px solid;background-color:transparent}.elementor-widget-text-editor:not(.elementor-drop-cap-view-default) .elementor-drop-cap{margin-top:8px}.elementor-widget-text-editor:not(.elementor-drop-cap-view-default) .elementor-drop-cap-letter{width:1em;height:1em}.elementor-widget-text-editor .elementor-drop-cap{float:left;text-align:center;line-height:1;font-size:50px}.elementor-widget-text-editor .elementor-drop-cap-letter{display:inline-block}<\/style>\t\t\t\t<p>Wenn Sie Ihre \u00fcbersch\u00fcssigen Lebensmittel an den Verein Jagt auf Ungerechtigkeit spenden, unterst\u00fctzen Sie ein Projekt, das Waren, die ihren Wert verloren haben, wieder aufwerten kann, aber vor allem geht es darum Menschen im Not zu helfen. Es handelt sich um eine Geste der N\u00e4chstenliebe und des gesunden Menschenverstands, die soziale, \u00f6kologische und wirtschaftliche Vorteile mit sich bringt. Ein konkreter Akt der Aufmerksamkeit f\u00fcr Menschen, die weniger Gl\u00fcck haben als Sie.<\/p><p>Es ist sehr einfach, uns zu unterst\u00fctzen. Sie k\u00f6nnen Ihr Paket mit Lebensmitteln, die m\u00f6glicherweise ein langes Verfallsdatum haben, direkt an die folgende Adresse schicken:<\/p><p>Aus der Schweiz : Caccia all&#8217;ingiustizia, Via Collina d&#8217;Oro 35, CH-6927 Agra (Kanton Tessin &#8211; Schweiz)<\/p><p>Aus Italien: Caccia all&#8217;ingiustizia, Viale Regina Margherita 5, 20122 Mailand (Italien)<\/p><blockquote><p>Vergessen Sie nicht, Ihren Namen, Ihre Telefonnummer und Ihre E-Mail-Adresse an das Paket zu schreiben. Unser Team wird sich mit Ihnen in Verbindung setzen, um Ihnen f\u00fcr diese sehr wichtige Geste zu danken.<\/p><\/blockquote>\t\t\t\t\t\t<\/div>\n\t\t\t\t<\/div>\n\t\t\t\t\t<\/div>\n\t\t<\/div>\n\t\t\t\t\t\t\t<\/div>\n\t\t<\/section>\n\t\t\t\t<section class=\"elementor-section elementor-top-section elementor-element elementor-element-a14b93d elementor-section-stretched donazioni-hp elementor-section-boxed elementor-section-height-default elementor-section-height-default\" data-id=\"a14b93d\" data-element_type=\"section\" data-settings=\"{&quot;stretch_section&quot;:&quot;section-stretched&quot;,&quot;background_background&quot;:&quot;classic&quot;}\">\n\t\t\t\t\t\t<div class=\"elementor-container elementor-column-gap-default\">\n\t\t\t\t\t<div class=\"elementor-column elementor-col-100 elementor-top-column elementor-element elementor-element-7ba3dc0\" data-id=\"7ba3dc0\" data-element_type=\"column\">\n\t\t\t<div class=\"elementor-widget-wrap elementor-element-populated\">\n\t\t\t\t\t\t\t\t<div class=\"elementor-element elementor-element-64f8c97 elementor-widget elementor-widget-heading\" data-id=\"64f8c97\" data-element_type=\"widget\" data-widget_type=\"heading.default\">\n\t\t\t\t<div class=\"elementor-widget-container\">\n\t\t\t<h2 class=\"elementor-heading-title elementor-size-default\">GELDSPENDE<\/h2>\t\t<\/div>\n\t\t\t\t<\/div>\n\t\t\t\t<div class=\"elementor-element elementor-element-19b1060 elementor-widget elementor-widget-text-editor\" data-id=\"19b1060\" data-element_type=\"widget\" data-widget_type=\"text-editor.default\">\n\t\t\t\t<div class=\"elementor-widget-container\">\n\t\t\t\t\t\t\t<p>Helfen Sie Kindern und Familien in schweren wirtschaftlichen Schwierigkeiten mit einer Spende Ihrer Wahl direkt, konkret und wirksam: einmalig oder monatlich, \u00fcberweisen Sie an den Verein Caccia all&#8217;ingiustizia zur Unterst\u00fctzung von Wohlt\u00e4tigkeitsprojekten; Ihre Hilfe wird sehr wichtig sein.<\/p>\t\t\t\t\t\t<\/div>\n\t\t\t\t<\/div>\n\t\t\t\t<section class=\"elementor-section elementor-inner-section elementor-element elementor-element-d6d7ab1 elementor-section-boxed elementor-section-height-default elementor-section-height-default\" data-id=\"d6d7ab1\" data-element_type=\"section\">\n\t\t\t\t\t\t<div class=\"elementor-container elementor-column-gap-default\">\n\t\t\t\t\t<div class=\"elementor-column elementor-col-50 elementor-inner-column elementor-element elementor-element-b178314\" data-id=\"b178314\" data-element_type=\"column\">\n\t\t\t<div class=\"elementor-widget-wrap elementor-element-populated\">\n\t\t\t\t\t\t\t\t<div class=\"elementor-element elementor-element-b5f183a elementor-widget elementor-widget-text-editor\" data-id=\"b5f183a\" data-element_type=\"widget\" data-widget_type=\"text-editor.default\">\n\t\t\t\t<div class=\"elementor-widget-container\">\n\t\t\t\t\t\t\t<p><strong>\u00dcBERWEISUNG AUS DER SCHWEIZ<\/strong><\/p><p>Beg\u00fcnstigter: Ungerechtigkeit bei der Jagd<br \/>Bank: Credit Suisse SA, Lugano<br \/>IBAN: CH73 0483 5371 9582 0100 0<br \/>BIC CRESCHZZ80A<br \/>KONTO NR. KONTO: 0835-3719582-01<\/p>\t\t\t\t\t\t<\/div>\n\t\t\t\t<\/div>\n\t\t\t\t\t<\/div>\n\t\t<\/div>\n\t\t\t\t<div class=\"elementor-column elementor-col-50 elementor-inner-column elementor-element elementor-element-d72fd56\" data-id=\"d72fd56\" data-element_type=\"column\">\n\t\t\t<div class=\"elementor-widget-wrap elementor-element-populated\">\n\t\t\t\t\t\t\t\t<div class=\"elementor-element elementor-element-33f19ea elementor-widget elementor-widget-text-editor\" data-id=\"33f19ea\" data-element_type=\"widget\" data-widget_type=\"text-editor.default\">\n\t\t\t\t<div class=\"elementor-widget-container\">\n\t\t\t\t\t\t\t<p><strong>\u00dcBERWEISUNG AUS ITALIEN<\/strong><\/p><p>Beg\u00fcnstigter: Caccia All&#8217;ingiustizia<br \/>Bank: Intesa San Paolo, Mailand<br \/>IBAN: DE 13Y0 3069 0948 3100 0000 1312 6<br \/>BIC BCITITMMXXX<br \/>KONTO NR. KONTONUMMER: 1000 \/ 00013126<\/p>\t\t\t\t\t\t<\/div>\n\t\t\t\t<\/div>\n\t\t\t\t\t<\/div>\n\t\t<\/div>\n\t\t\t\t\t\t\t<\/div>\n\t\t<\/section>\n\t\t\t\t<div class=\"elementor-element elementor-element-c3334fe elementor-widget elementor-widget-text-editor\" data-id=\"c3334fe\" data-element_type=\"widget\" data-widget_type=\"text-editor.default\">\n\t\t\t\t<div class=\"elementor-widget-container\">\n\t\t\t\t\t\t\t<blockquote><p>Denken Sie daran, dass Geldspenden steuerlich absetzbar sind.<\/p><\/blockquote>\t\t\t\t\t\t<\/div>\n\t\t\t\t<\/div>\n\t\t\t\t\t<\/div>\n\t\t<\/div>\n\t\t\t\t\t\t\t<\/div>\n\t\t<\/section>\n\t\t\t\t<section class=\"elementor-section elementor-top-section elementor-element elementor-element-e809349 elementor-section-stretched donazioni-hp elementor-section-boxed elementor-section-height-default elementor-section-height-default\" data-id=\"e809349\" data-element_type=\"section\" data-settings=\"{&quot;stretch_section&quot;:&quot;section-stretched&quot;,&quot;background_background&quot;:&quot;classic&quot;}\">\n\t\t\t\t\t\t<div class=\"elementor-container elementor-column-gap-default\">\n\t\t\t\t\t<div class=\"elementor-column elementor-col-100 elementor-top-column elementor-element elementor-element-b169710\" data-id=\"b169710\" data-element_type=\"column\">\n\t\t\t<div class=\"elementor-widget-wrap elementor-element-populated\">\n\t\t\t\t\t\t\t\t<div class=\"elementor-element elementor-element-4fe2f02 elementor-widget elementor-widget-heading\" data-id=\"4fe2f02\" data-element_type=\"widget\" data-widget_type=\"heading.default\">\n\t\t\t\t<div class=\"elementor-widget-container\">\n\t\t\t<h2 class=\"elementor-heading-title elementor-size-default\">SPENDE VON SCHULMATERIAL<\/h2>\t\t<\/div>\n\t\t\t\t<\/div>\n\t\t\t\t<div class=\"elementor-element elementor-element-0ac399e elementor-widget elementor-widget-text-editor\" data-id=\"0ac399e\" data-element_type=\"widget\" data-widget_type=\"text-editor.default\">\n\t\t\t\t<div class=\"elementor-widget-container\">\n\t\t\t\t\t\t\t<p>Wenn Sie noch gut erhaltene Schulsachen aus Ihrer Kindheit zu Hause haben, wie z.B. Mappen, Hefte, Bleistifte, M\u00e4ppchen, Radiergummis, Filzstifte usw., dann spenden Sie diese an unseren Verein, der sie pers\u00f6nlich an bed\u00fcrftige Kinder verteilt. Manchmal ist es auch der Mangel an Schulmaterial, der die Kinder davon abh\u00e4lt, ihre Ausbildung fortzusetzen. Sie k\u00f6nnen Schulmaterial an die folgende Adresse schicken:<\/p><p>Aus der Schweiz : Caccia all&#8217;ingiustizia, Via Collina d&#8217;Oro 35, CH-6927 Agra (Kanton Tessin &#8211; Schweiz)<\/p><p>Aus Italien: Caccia all&#8217;ingiustizia, Viale Regina Margherita 5, 20122 Mailand (Italien)<\/p><blockquote><p>Vergessen Sie nicht, Ihren Namen, Ihre Telefonnummer und Ihre E-Mail-Adresse an das Paket zu schreiben. Unser Team wird sich mit Ihnen in Verbindung setzen, um Ihnen f\u00fcr Ihre sehr wichtige Geste zu danken.<\/p><\/blockquote>\t\t\t\t\t\t<\/div>\n\t\t\t\t<\/div>\n\t\t\t\t\t<\/div>\n\t\t<\/div>\n\t\t\t\t\t\t\t<\/div>\n\t\t<\/section>\n\t\t\t\t<section class=\"elementor-section elementor-top-section elementor-element elementor-element-e8a6939 elementor-section-stretched donazioni-hp elementor-section-boxed elementor-section-height-default elementor-section-height-default\" data-id=\"e8a6939\" data-element_type=\"section\" data-settings=\"{&quot;stretch_section&quot;:&quot;section-stretched&quot;,&quot;background_background&quot;:&quot;classic&quot;}\">\n\t\t\t\t\t\t<div class=\"elementor-container elementor-column-gap-default\">\n\t\t\t\t\t<div class=\"elementor-column elementor-col-100 elementor-top-column elementor-element elementor-element-e836d6f\" data-id=\"e836d6f\" data-element_type=\"column\">\n\t\t\t<div class=\"elementor-widget-wrap elementor-element-populated\">\n\t\t\t\t\t\t\t\t<div class=\"elementor-element elementor-element-60a442c elementor-widget elementor-widget-heading\" data-id=\"60a442c\" data-element_type=\"widget\" data-widget_type=\"heading.default\">\n\t\t\t\t<div class=\"elementor-widget-container\">\n\t\t\t<h2 class=\"elementor-heading-title elementor-size-default\">ARZNEIMITTELSPENDE<\/h2>\t\t<\/div>\n\t\t\t\t<\/div>\n\t\t\t\t<div class=\"elementor-element elementor-element-e5689cd elementor-widget elementor-widget-text-editor\" data-id=\"e5689cd\" data-element_type=\"widget\" data-widget_type=\"text-editor.default\">\n\t\t\t\t<div class=\"elementor-widget-container\">\n\t\t\t\t\t\t\t<p>Viele Familien in wirtschaftlichen Schwierigkeiten k\u00f6nnen es sich nicht leisten, Erste-Hilfe-Medikamente zu Hause zu haben, selbst in dieser Zeit der weltweiten Pandemie aufgrund von Covid-19 benutzen viele Menschen keine Masken, Desinfektionsgel und andere Medikamente, weil sie es sich nicht leisten k\u00f6nnen. Helfen Sie uns, die Gesundheitssituation vieler Familien in Schwierigkeiten zu verbessern, die nur auf uns warten, spenden Sie z.B. Pflaster, Erste-Hilfe-K\u00e4sten, Wasserstoffperoxid, Verbandsmaterial usw.<\/p><p>Schicken Sie das Paket mit den Arzneimitteln an die folgende Adresse:<\/p><p>Aus der Schweiz : Caccia all&#8217;ingiustizia, Via Collina d&#8217;Oro 35, CH-6927 Agra (Kanton Tessin &#8211; Schweiz)<\/p><p>Aus Italien: Caccia all&#8217;ingiustizia, Viale Regina Margherita 5, 20122 Mailand (Italien)<\/p><blockquote><p>Vergessen Sie nicht, Ihren Namen, Ihre Telefonnummer und Ihre E-Mail-Adresse in das Paket zu schreiben. Unser Team wird sich mit Ihnen in Verbindung setzen, um Ihnen f\u00fcr Ihre sehr wichtige Geste zu danken.<\/p><\/blockquote>\t\t\t\t\t\t<\/div>\n\t\t\t\t<\/div>\n\t\t\t\t\t<\/div>\n\t\t<\/div>\n\t\t\t\t\t\t\t<\/div>\n\t\t<\/section>\n\t\t\t\t\t\t\t<\/div>\n\t\t","protected":false},"excerpt":{"rendered":"<p>SPENDE LEBENSMITTELSPENDEN Wenn Sie Ihre \u00fcbersch\u00fcssigen Lebensmittel an den Verein Jagt auf Ungerechtigkeit spenden, unterst\u00fctzen Sie ein Projekt, das Waren, die ihren Wert verloren haben, wieder aufwerten kann, aber vor allem geht es darum Menschen im Not zu helfen. Es handelt sich um eine Geste der N\u00e4chstenliebe und des gesunden Menschenverstands, die soziale, \u00f6kologische und [&hellip;]<\/p>\n","protected":false},"author":2,"featured_media":0,"parent":0,"menu_order":0,"comment_status":"closed","ping_status":"closed","template":"","meta":{"footnotes":""},"yoast_head":"<!-- This site is optimized with the Yoast SEO plugin v22.2 - https:\/\/yoast.com\/wordpress\/plugins\/seo\/ -->\n<title>Spende - Caccia all&#039;ingiustizia<\/title>\n<meta name=\"robots\" content=\"index, follow, max-snippet:-1, max-image-preview:large, max-video-preview:-1\" \/>\n<link rel=\"canonical\" href=\"https:\/\/cacciaingiustizia.ch\/de\/spende\/\" \/>\n<meta property=\"og:locale\" content=\"de_DE\" \/>\n<meta property=\"og:type\" content=\"article\" \/>\n<meta property=\"og:title\" content=\"Spende - Caccia all&#039;ingiustizia\" \/>\n<meta property=\"og:description\" content=\"SPENDE LEBENSMITTELSPENDEN Wenn Sie Ihre \u00fcbersch\u00fcssigen Lebensmittel an den Verein Jagt auf Ungerechtigkeit spenden, unterst\u00fctzen Sie ein Projekt, das Waren, die ihren Wert verloren haben, wieder aufwerten kann, aber vor allem geht es darum Menschen im Not zu helfen. Es handelt sich um eine Geste der N\u00e4chstenliebe und des gesunden Menschenverstands, die soziale, \u00f6kologische und [&hellip;]\" \/>\n<meta property=\"og:url\" content=\"https:\/\/cacciaingiustizia.ch\/de\/spende\/\" \/>\n<meta property=\"og:site_name\" content=\"Caccia all&#039;ingiustizia\" \/>\n<meta property=\"article:modified_time\" content=\"2022-04-19T13:04:46+00:00\" \/>\n<meta name=\"twitter:card\" content=\"summary_large_image\" \/>\n<meta name=\"twitter:label1\" content=\"Gesch\u00e4tzte Lesezeit\" \/>\n\t<meta name=\"twitter:data1\" content=\"3\u00a0Minuten\" \/>\n<script type=\"application\/ld+json\" class=\"yoast-schema-graph\">{\"@context\":\"https:\/\/schema.org\",\"@graph\":[{\"@type\":\"WebPage\",\"@id\":\"https:\/\/cacciaingiustizia.ch\/de\/spende\/\",\"url\":\"https:\/\/cacciaingiustizia.ch\/de\/spende\/\",\"name\":\"Spende - Caccia all&#039;ingiustizia\",\"isPartOf\":{\"@id\":\"https:\/\/cacciaingiustizia.ch\/#website\"},\"datePublished\":\"2021-08-19T14:21:24+00:00\",\"dateModified\":\"2022-04-19T13:04:46+00:00\",\"breadcrumb\":{\"@id\":\"https:\/\/cacciaingiustizia.ch\/de\/spende\/#breadcrumb\"},\"inLanguage\":\"de\",\"potentialAction\":[{\"@type\":\"ReadAction\",\"target\":[\"https:\/\/cacciaingiustizia.ch\/de\/spende\/\"]}]},{\"@type\":\"BreadcrumbList\",\"@id\":\"https:\/\/cacciaingiustizia.ch\/de\/spende\/#breadcrumb\",\"itemListElement\":[{\"@type\":\"ListItem\",\"position\":1,\"name\":\"Home\",\"item\":\"https:\/\/cacciaingiustizia.ch\/de\/\"},{\"@type\":\"ListItem\",\"position\":2,\"name\":\"Spende\"}]},{\"@type\":\"WebSite\",\"@id\":\"https:\/\/cacciaingiustizia.ch\/#website\",\"url\":\"https:\/\/cacciaingiustizia.ch\/\",\"name\":\"Caccia all&#039;ingiustizia\",\"description\":\"\",\"publisher\":{\"@id\":\"https:\/\/cacciaingiustizia.ch\/#organization\"},\"potentialAction\":[{\"@type\":\"SearchAction\",\"target\":{\"@type\":\"EntryPoint\",\"urlTemplate\":\"https:\/\/cacciaingiustizia.ch\/?s={search_term_string}\"},\"query-input\":\"required name=search_term_string\"}],\"inLanguage\":\"de\"},{\"@type\":\"Organization\",\"@id\":\"https:\/\/cacciaingiustizia.ch\/#organization\",\"name\":\"Caccia all&#039;ingiustizia\",\"url\":\"https:\/\/cacciaingiustizia.ch\/\",\"logo\":{\"@type\":\"ImageObject\",\"inLanguage\":\"de\",\"@id\":\"https:\/\/cacciaingiustizia.ch\/#\/schema\/logo\/image\/\",\"url\":\"https:\/\/cacciaingiustizia.ch\/wp-content\/uploads\/2021\/08\/caccia-ingiustizia-logo-web-white.png\",\"contentUrl\":\"https:\/\/cacciaingiustizia.ch\/wp-content\/uploads\/2021\/08\/caccia-ingiustizia-logo-web-white.png\",\"width\":300,\"height\":161,\"caption\":\"Caccia all&#039;ingiustizia\"},\"image\":{\"@id\":\"https:\/\/cacciaingiustizia.ch\/#\/schema\/logo\/image\/\"}}]}<\/script>\n<!-- \/ Yoast SEO plugin. -->","yoast_head_json":{"title":"Spende - Caccia all&#039;ingiustizia","robots":{"index":"index","follow":"follow","max-snippet":"max-snippet:-1","max-image-preview":"max-image-preview:large","max-video-preview":"max-video-preview:-1"},"canonical":"https:\/\/cacciaingiustizia.ch\/de\/spende\/","og_locale":"de_DE","og_type":"article","og_title":"Spende - Caccia all&#039;ingiustizia","og_description":"SPENDE LEBENSMITTELSPENDEN Wenn Sie Ihre \u00fcbersch\u00fcssigen Lebensmittel an den Verein Jagt auf Ungerechtigkeit spenden, unterst\u00fctzen Sie ein Projekt, das Waren, die ihren Wert verloren haben, wieder aufwerten kann, aber vor allem geht es darum Menschen im Not zu helfen. Es handelt sich um eine Geste der N\u00e4chstenliebe und des gesunden Menschenverstands, die soziale, \u00f6kologische und [&hellip;]","og_url":"https:\/\/cacciaingiustizia.ch\/de\/spende\/","og_site_name":"Caccia all&#039;ingiustizia","article_modified_time":"2022-04-19T13:04:46+00:00","twitter_card":"summary_large_image","twitter_misc":{"Gesch\u00e4tzte Lesezeit":"3\u00a0Minuten"},"schema":{"@context":"https:\/\/schema.org","@graph":[{"@type":"WebPage","@id":"https:\/\/cacciaingiustizia.ch\/de\/spende\/","url":"https:\/\/cacciaingiustizia.ch\/de\/spende\/","name":"Spende - Caccia all&#039;ingiustizia","isPartOf":{"@id":"https:\/\/cacciaingiustizia.ch\/#website"},"datePublished":"2021-08-19T14:21:24+00:00","dateModified":"2022-04-19T13:04:46+00:00","breadcrumb":{"@id":"https:\/\/cacciaingiustizia.ch\/de\/spende\/#breadcrumb"},"inLanguage":"de","potentialAction":[{"@type":"ReadAction","target":["https:\/\/cacciaingiustizia.ch\/de\/spende\/"]}]},{"@type":"BreadcrumbList","@id":"https:\/\/cacciaingiustizia.ch\/de\/spende\/#breadcrumb","itemListElement":[{"@type":"ListItem","position":1,"name":"Home","item":"https:\/\/cacciaingiustizia.ch\/de\/"},{"@type":"ListItem","position":2,"name":"Spende"}]},{"@type":"WebSite","@id":"https:\/\/cacciaingiustizia.ch\/#website","url":"https:\/\/cacciaingiustizia.ch\/","name":"Caccia all&#039;ingiustizia","description":"","publisher":{"@id":"https:\/\/cacciaingiustizia.ch\/#organization"},"potentialAction":[{"@type":"SearchAction","target":{"@type":"EntryPoint","urlTemplate":"https:\/\/cacciaingiustizia.ch\/?s={search_term_string}"},"query-input":"required name=search_term_string"}],"inLanguage":"de"},{"@type":"Organization","@id":"https:\/\/cacciaingiustizia.ch\/#organization","name":"Caccia all&#039;ingiustizia","url":"https:\/\/cacciaingiustizia.ch\/","logo":{"@type":"ImageObject","inLanguage":"de","@id":"https:\/\/cacciaingiustizia.ch\/#\/schema\/logo\/image\/","url":"https:\/\/cacciaingiustizia.ch\/wp-content\/uploads\/2021\/08\/caccia-ingiustizia-logo-web-white.png","contentUrl":"https:\/\/cacciaingiustizia.ch\/wp-content\/uploads\/2021\/08\/caccia-ingiustizia-logo-web-white.png","width":300,"height":161,"caption":"Caccia all&#039;ingiustizia"},"image":{"@id":"https:\/\/cacciaingiustizia.ch\/#\/schema\/logo\/image\/"}}]}},"_links":{"self":[{"href":"https:\/\/cacciaingiustizia.ch\/de\/wp-json\/wp\/v2\/pages\/876"}],"collection":[{"href":"https:\/\/cacciaingiustizia.ch\/de\/wp-json\/wp\/v2\/pages"}],"about":[{"href":"https:\/\/cacciaingiustizia.ch\/de\/wp-json\/wp\/v2\/types\/page"}],"author":[{"embeddable":true,"href":"https:\/\/cacciaingiustizia.ch\/de\/wp-json\/wp\/v2\/users\/2"}],"replies":[{"embeddable":true,"href":"https:\/\/cacciaingiustizia.ch\/de\/wp-json\/wp\/v2\/comments?post=876"}],"version-history":[{"count":13,"href":"https:\/\/cacciaingiustizia.ch\/de\/wp-json\/wp\/v2\/pages\/876\/revisions"}],"predecessor-version":[{"id":1099,"href":"https:\/\/cacciaingiustizia.ch\/de\/wp-json\/wp\/v2\/pages\/876\/revisions\/1099"}],"wp:attachment":[{"href":"https:\/\/cacciaingiustizia.ch\/de\/wp-json\/wp\/v2\/media?parent=876"}],"curies":[{"name":"wp","href":"https:\/\/api.w.org\/{rel}","templated":true}]}}