{"id":1055,"date":"2021-08-19T14:21:24","date_gmt":"2021-08-19T14:21:24","guid":{"rendered":"https:\/\/cacciaingiustizia.ch\/donazione\/"},"modified":"2022-04-19T13:03:52","modified_gmt":"2022-04-19T13:03:52","slug":"dhurim","status":"publish","type":"page","link":"https:\/\/cacciaingiustizia.ch\/sq\/dhurim\/","title":{"rendered":"Dhurim"},"content":{"rendered":"\t\t<div data-elementor-type=\"wp-page\" data-elementor-id=\"1055\" class=\"elementor elementor-1055 elementor-556\">\n\t\t\t\t\t\t\t\t\t<section class=\"elementor-section elementor-top-section elementor-element elementor-element-7b5c9fe elementor-section-full_width elementor-section-stretched head-int elementor-section-height-min-height elementor-section-height-default elementor-section-items-middle\" data-id=\"7b5c9fe\" data-element_type=\"section\" data-settings=\"{&quot;stretch_section&quot;:&quot;section-stretched&quot;,&quot;background_background&quot;:&quot;classic&quot;}\">\n\t\t\t\t\t\t\t<div class=\"elementor-background-overlay\"><\/div>\n\t\t\t\t\t\t\t<div class=\"elementor-container elementor-column-gap-default\">\n\t\t\t\t\t<div class=\"elementor-column elementor-col-100 elementor-top-column elementor-element elementor-element-03b1ec0\" data-id=\"03b1ec0\" data-element_type=\"column\">\n\t\t\t<div class=\"elementor-widget-wrap elementor-element-populated\">\n\t\t\t\t\t\t\t\t<div class=\"elementor-element elementor-element-9aabb91 title-int elementor-widget elementor-widget-heading\" data-id=\"9aabb91\" data-element_type=\"widget\" data-widget_type=\"heading.default\">\n\t\t\t\t<div class=\"elementor-widget-container\">\n\t\t\t<style>\/*! elementor - v3.18.0 - 20-12-2023 *\/\n.elementor-heading-title{padding:0;margin:0;line-height:1}.elementor-widget-heading .elementor-heading-title[class*=elementor-size-]>a{color:inherit;font-size:inherit;line-height:inherit}.elementor-widget-heading .elementor-heading-title.elementor-size-small{font-size:15px}.elementor-widget-heading .elementor-heading-title.elementor-size-medium{font-size:19px}.elementor-widget-heading .elementor-heading-title.elementor-size-large{font-size:29px}.elementor-widget-heading .elementor-heading-title.elementor-size-xl{font-size:39px}.elementor-widget-heading .elementor-heading-title.elementor-size-xxl{font-size:59px}<\/style><h1 class=\"elementor-heading-title elementor-size-default\">DHURO TANI<\/h1>\t\t<\/div>\n\t\t\t\t<\/div>\n\t\t\t\t\t<\/div>\n\t\t<\/div>\n\t\t\t\t\t\t\t<\/div>\n\t\t<\/section>\n\t\t\t\t<section class=\"elementor-section elementor-top-section elementor-element elementor-element-20219b5 elementor-section-stretched donazioni-hp elementor-section-boxed elementor-section-height-default elementor-section-height-default\" data-id=\"20219b5\" data-element_type=\"section\" data-settings=\"{&quot;stretch_section&quot;:&quot;section-stretched&quot;,&quot;background_background&quot;:&quot;classic&quot;}\">\n\t\t\t\t\t\t<div class=\"elementor-container elementor-column-gap-default\">\n\t\t\t\t\t<div class=\"elementor-column elementor-col-100 elementor-top-column elementor-element elementor-element-45b5054\" data-id=\"45b5054\" data-element_type=\"column\">\n\t\t\t<div class=\"elementor-widget-wrap elementor-element-populated\">\n\t\t\t\t\t\t\t\t<div class=\"elementor-element elementor-element-76a0482 elementor-widget elementor-widget-heading\" data-id=\"76a0482\" data-element_type=\"widget\" data-widget_type=\"heading.default\">\n\t\t\t\t<div class=\"elementor-widget-container\">\n\t\t\t<h2 class=\"elementor-heading-title elementor-size-default\">DHURIME USHQIMORE<\/h2>\t\t<\/div>\n\t\t\t\t<\/div>\n\t\t\t\t<div class=\"elementor-element elementor-element-24a7f62 elementor-widget elementor-widget-text-editor\" data-id=\"24a7f62\" data-element_type=\"widget\" data-widget_type=\"text-editor.default\">\n\t\t\t\t<div class=\"elementor-widget-container\">\n\t\t\t<style>\/*! elementor - v3.18.0 - 20-12-2023 *\/\n.elementor-widget-text-editor.elementor-drop-cap-view-stacked .elementor-drop-cap{background-color:#69727d;color:#fff}.elementor-widget-text-editor.elementor-drop-cap-view-framed .elementor-drop-cap{color:#69727d;border:3px solid;background-color:transparent}.elementor-widget-text-editor:not(.elementor-drop-cap-view-default) .elementor-drop-cap{margin-top:8px}.elementor-widget-text-editor:not(.elementor-drop-cap-view-default) .elementor-drop-cap-letter{width:1em;height:1em}.elementor-widget-text-editor .elementor-drop-cap{float:left;text-align:center;line-height:1;font-size:50px}.elementor-widget-text-editor .elementor-drop-cap-letter{display:inline-block}<\/style>\t\t\t\t<p>Te dhurosh tepricat ushqimore te rafteve tuaja shoqates Gjueti padrejtesise do te thote te besh nje gjest te denje qe i rikthen te mirave vleren qe e kishin humbur ,por ne vecanti do te thote te investosh mbi njeriun. Behet fjale ne fakt per nje gjest bamiresie dhe qellimi te mire qe gjeneron perfitime sociale , ambientale dhe ekonomike.<\/p><p>Te na ndihmoni eshte shume e thjeshte mund te dergoni direkt pakon tuaj me ushqime , mundesisht me skadence te gjate tek adresa ne vijim:<\/p><p>Nga Zvicera: Caccia all\u2019ingiustizia, Via Collina d\u2019Oro 35, CH-6927 Agra (Canton Ticino &#8211; Svizzera)<\/p><p>Nga Italija: Caccia all\u2019ingiustizia, Viale Regina Margherita 5, 20122 Milano (Italia)<\/p><blockquote><p>Kujtohu te regjistrosh emrin tend , telefonin dhe email-in tek pakoja. Do te kontaktoheni nga ekipi yne per te te falenderuar per gjestin shume te rendesishem.<\/p><\/blockquote>\t\t\t\t\t\t<\/div>\n\t\t\t\t<\/div>\n\t\t\t\t\t<\/div>\n\t\t<\/div>\n\t\t\t\t\t\t\t<\/div>\n\t\t<\/section>\n\t\t\t\t<section class=\"elementor-section elementor-top-section elementor-element elementor-element-a14b93d elementor-section-stretched donazioni-hp elementor-section-boxed elementor-section-height-default elementor-section-height-default\" data-id=\"a14b93d\" data-element_type=\"section\" data-settings=\"{&quot;stretch_section&quot;:&quot;section-stretched&quot;,&quot;background_background&quot;:&quot;classic&quot;}\">\n\t\t\t\t\t\t<div class=\"elementor-container elementor-column-gap-default\">\n\t\t\t\t\t<div class=\"elementor-column elementor-col-100 elementor-top-column elementor-element elementor-element-7ba3dc0\" data-id=\"7ba3dc0\" data-element_type=\"column\">\n\t\t\t<div class=\"elementor-widget-wrap elementor-element-populated\">\n\t\t\t\t\t\t\t\t<div class=\"elementor-element elementor-element-64f8c97 elementor-widget elementor-widget-heading\" data-id=\"64f8c97\" data-element_type=\"widget\" data-widget_type=\"heading.default\">\n\t\t\t\t<div class=\"elementor-widget-container\">\n\t\t\t<h2 class=\"elementor-heading-title elementor-size-default\">DHURIM MONETAR<\/h2>\t\t<\/div>\n\t\t\t\t<\/div>\n\t\t\t\t<div class=\"elementor-element elementor-element-19b1060 elementor-widget elementor-widget-text-editor\" data-id=\"19b1060\" data-element_type=\"widget\" data-widget_type=\"text-editor.default\">\n\t\t\t\t<div class=\"elementor-widget-container\">\n\t\t\t\t\t\t\t<p class=\"Body\">Jepi femijeve dhe familjeve ne veshtiresi te medha ekonomike nje ndihme direkte , konkrete dhe efektive me nje dhurim sipash preferences tuaj: nje shume te caktuar , nje shume mujore te vazhdueshme , na ndihmoni te ndihmojme. Beni nje trasferte bankare shoqates Gjueti padrejtesise per te mbeshtetur projektet e bamiresise , ndihma juaj do te jete shume e rendesishme.<\/p>\t\t\t\t\t\t<\/div>\n\t\t\t\t<\/div>\n\t\t\t\t<section class=\"elementor-section elementor-inner-section elementor-element elementor-element-d6d7ab1 elementor-section-boxed elementor-section-height-default elementor-section-height-default\" data-id=\"d6d7ab1\" data-element_type=\"section\">\n\t\t\t\t\t\t<div class=\"elementor-container elementor-column-gap-default\">\n\t\t\t\t\t<div class=\"elementor-column elementor-col-50 elementor-inner-column elementor-element elementor-element-b178314\" data-id=\"b178314\" data-element_type=\"column\">\n\t\t\t<div class=\"elementor-widget-wrap elementor-element-populated\">\n\t\t\t\t\t\t\t\t<div class=\"elementor-element elementor-element-b5f183a elementor-widget elementor-widget-text-editor\" data-id=\"b5f183a\" data-element_type=\"widget\" data-widget_type=\"text-editor.default\">\n\t\t\t\t<div class=\"elementor-widget-container\">\n\t\t\t\t\t\t\t<p><strong>TRANSFERTE BANKARE NGA ZVICRA<\/strong><\/p><p>Perfituesi: Caccia All\u2019ingiustizia<br \/>Banka: Credit Suisse SA, Lugano<br \/>IBAN: CH73 0483 5371 9582 0100 0<br \/>BIC CRESCHZZ80A<br \/>Nr I llogarise: 0835-3719582-01<\/p><p>\u00a0<\/p>\t\t\t\t\t\t<\/div>\n\t\t\t\t<\/div>\n\t\t\t\t\t<\/div>\n\t\t<\/div>\n\t\t\t\t<div class=\"elementor-column elementor-col-50 elementor-inner-column elementor-element elementor-element-d72fd56\" data-id=\"d72fd56\" data-element_type=\"column\">\n\t\t\t<div class=\"elementor-widget-wrap elementor-element-populated\">\n\t\t\t\t\t\t\t\t<div class=\"elementor-element elementor-element-33f19ea elementor-widget elementor-widget-text-editor\" data-id=\"33f19ea\" data-element_type=\"widget\" data-widget_type=\"text-editor.default\">\n\t\t\t\t<div class=\"elementor-widget-container\">\n\t\t\t\t\t\t\t<p><strong>TRANSFERTE BANKARE NGA ITALIA<\/strong><\/p><p>Perfituesi: Caccia All\u2019ingiustizia<br \/>Banka: Intesa San Paolo, Milano<br \/>IBAN: IT 13Y0 3069 0948 3100 0000 1312 6 <br \/>BIC BCITITMMXXX<br \/>Nr I llogarise: 1000 \/ 00013126<\/p>\t\t\t\t\t\t<\/div>\n\t\t\t\t<\/div>\n\t\t\t\t\t<\/div>\n\t\t<\/div>\n\t\t\t\t\t\t\t<\/div>\n\t\t<\/section>\n\t\t\t\t<div class=\"elementor-element elementor-element-c3334fe elementor-widget elementor-widget-text-editor\" data-id=\"c3334fe\" data-element_type=\"widget\" data-widget_type=\"text-editor.default\">\n\t\t\t\t<div class=\"elementor-widget-container\">\n\t\t\t\t\t\t\t<blockquote><p>Kujtohuni qe dhurimet ne te holla mund te zbriten fiskalisht (nga taksat).<\/p><\/blockquote>\t\t\t\t\t\t<\/div>\n\t\t\t\t<\/div>\n\t\t\t\t\t<\/div>\n\t\t<\/div>\n\t\t\t\t\t\t\t<\/div>\n\t\t<\/section>\n\t\t\t\t<section class=\"elementor-section elementor-top-section elementor-element elementor-element-e809349 elementor-section-stretched donazioni-hp elementor-section-boxed elementor-section-height-default elementor-section-height-default\" data-id=\"e809349\" data-element_type=\"section\" data-settings=\"{&quot;stretch_section&quot;:&quot;section-stretched&quot;,&quot;background_background&quot;:&quot;classic&quot;}\">\n\t\t\t\t\t\t<div class=\"elementor-container elementor-column-gap-default\">\n\t\t\t\t\t<div class=\"elementor-column elementor-col-100 elementor-top-column elementor-element elementor-element-b169710\" data-id=\"b169710\" data-element_type=\"column\">\n\t\t\t<div class=\"elementor-widget-wrap elementor-element-populated\">\n\t\t\t\t\t\t\t\t<div class=\"elementor-element elementor-element-4fe2f02 elementor-widget elementor-widget-heading\" data-id=\"4fe2f02\" data-element_type=\"widget\" data-widget_type=\"heading.default\">\n\t\t\t\t<div class=\"elementor-widget-container\">\n\t\t\t<h2 class=\"elementor-heading-title elementor-size-default\">DHURIMI I MATERIALIT SHKOLLOR<\/h2>\t\t<\/div>\n\t\t\t\t<\/div>\n\t\t\t\t<div class=\"elementor-element elementor-element-0ac399e elementor-widget elementor-widget-text-editor\" data-id=\"0ac399e\" data-element_type=\"widget\" data-widget_type=\"text-editor.default\">\n\t\t\t\t<div class=\"elementor-widget-container\">\n\t\t\t\t\t\t\t<p>N\u00ebse keni ende n\u00eb sht\u00ebpi mjete shkollore q\u00eb nga koha e vog\u00eblise q\u00eb jan\u00eb ende n\u00eb gjendje t\u00eb mir\u00eb, si dosje, fletore, lapsa, kuti lapsash, goma, markera etj dhurojini ato shoqat\u00ebs son\u00eb, e cila personalisht do ta dor\u00ebzoj\u00eb materialin n\u00eb duart e f\u00ebmij\u00ebve n\u00eb nevoj\u00eb. Ndonj\u00ebher\u00eb \u00ebsht\u00eb edhe mungesa e mjeteve shkollore q\u00eb i dekurajon f\u00ebmij\u00ebt t\u00eb vazhdojn\u00eb studimet. Materialet shkollore mund t&#8217;i d\u00ebrgoni n\u00eb adres\u00ebn e m\u00ebposhtme:<\/p><p>Nga Zvicra: Caccia all\u2019ingiustizia, Via Collina d\u2019Oro 35, CH-6927 Agra (Canton Ticino &#8211; Svizzera)<\/p><p>Nga Italia: Caccia all\u2019ingiustizia, Viale Regina Margherita 5, 20122 Milano (Italia)<\/p><blockquote><p>Mos harroni te shkruani emrin, telefonin dhe email-in tuaj ne pako , ju do te kontaktoheni nga ekipi yne per t\u2019ju falenderuar per gjestin tuaj shume te rendesishem.<\/p><\/blockquote>\t\t\t\t\t\t<\/div>\n\t\t\t\t<\/div>\n\t\t\t\t\t<\/div>\n\t\t<\/div>\n\t\t\t\t\t\t\t<\/div>\n\t\t<\/section>\n\t\t\t\t<section class=\"elementor-section elementor-top-section elementor-element elementor-element-e8a6939 elementor-section-stretched donazioni-hp elementor-section-boxed elementor-section-height-default elementor-section-height-default\" data-id=\"e8a6939\" data-element_type=\"section\" data-settings=\"{&quot;stretch_section&quot;:&quot;section-stretched&quot;,&quot;background_background&quot;:&quot;classic&quot;}\">\n\t\t\t\t\t\t<div class=\"elementor-container elementor-column-gap-default\">\n\t\t\t\t\t<div class=\"elementor-column elementor-col-100 elementor-top-column elementor-element elementor-element-e836d6f\" data-id=\"e836d6f\" data-element_type=\"column\">\n\t\t\t<div class=\"elementor-widget-wrap elementor-element-populated\">\n\t\t\t\t\t\t\t\t<div class=\"elementor-element elementor-element-60a442c elementor-widget elementor-widget-heading\" data-id=\"60a442c\" data-element_type=\"widget\" data-widget_type=\"heading.default\">\n\t\t\t\t<div class=\"elementor-widget-container\">\n\t\t\t<h2 class=\"elementor-heading-title elementor-size-default\">DHURIMI I BARNAVE<\/h2>\t\t<\/div>\n\t\t\t\t<\/div>\n\t\t\t\t<div class=\"elementor-element elementor-element-e5689cd elementor-widget elementor-widget-text-editor\" data-id=\"e5689cd\" data-element_type=\"widget\" data-widget_type=\"text-editor.default\">\n\t\t\t\t<div class=\"elementor-widget-container\">\n\t\t\t\t\t\t\t<p>Shum\u00eb familje n\u00eb v\u00ebshtir\u00ebsi financiare nuk mund t\u00eb p\u00ebrballojn\u00eb t\u00eb ken\u00eb ne shtepi ila\u00e7e t\u00eb ndihm\u00ebs s\u00eb par\u00eb. N\u00eb k\u00ebt\u00eb periudh\u00eb t\u00eb pandemis\u00eb bot\u00ebrore p\u00ebr shkak t\u00eb Covid-19 shum\u00eb njer\u00ebz nuk p\u00ebrdorin mask\u00eb, xhel dezinfektues dhe ila\u00e7e t\u00eb tjera sepse eshte e p\u00ebrballueshme per to. Na ndihmoni t\u00eb p\u00ebrmir\u00ebsojme gjendjen sh\u00ebndet\u00ebsore te shum\u00eb familjeve n\u00eb v\u00ebshtir\u00ebsi q\u00eb presin vetem nga ne. Na dhuroni p\u00ebr shembull: leukoplaste, kuti t\u00eb ndihm\u00ebs s\u00eb par\u00eb, uje te oksigjenuar , fasha e te tjere.<\/p><p class=\"Body\">Nise pakon me ilace ne adresen qe vijon:<\/p><p>Nga Zvicra: Caccia all\u2019ingiustizia, Via Collina d\u2019Oro 35, CH-6927 Agra (Canton Ticino &#8211; Svizzera)<\/p><p>Nga Italia: Caccia all\u2019ingiustizia, Viale Regina Margherita 5, 20122 Milano (Italia)<\/p><blockquote><p>Mos harroni te shkruani emrin, telefonin dhe email-in tuaj ne pako, ju do te kontaktoheni nga ekipi yne per t\u2019ju falenderuar per gjestin tuaj shume te rendesishem.<\/p><\/blockquote>\t\t\t\t\t\t<\/div>\n\t\t\t\t<\/div>\n\t\t\t\t\t<\/div>\n\t\t<\/div>\n\t\t\t\t\t\t\t<\/div>\n\t\t<\/section>\n\t\t\t\t\t\t\t<\/div>\n\t\t","protected":false},"excerpt":{"rendered":"<p>DHURO TANI DHURIME USHQIMORE Te dhurosh tepricat ushqimore te rafteve tuaja shoqates Gjueti padrejtesise do te thote te besh nje gjest te denje qe i rikthen te mirave vleren qe e kishin humbur ,por ne vecanti do te thote te investosh mbi njeriun. Behet fjale ne fakt per nje gjest bamiresie dhe qellimi te mire [&hellip;]<\/p>\n","protected":false},"author":2,"featured_media":0,"parent":0,"menu_order":0,"comment_status":"closed","ping_status":"closed","template":"","meta":{"footnotes":""},"yoast_head":"<!-- This site is optimized with the Yoast SEO plugin v22.2 - https:\/\/yoast.com\/wordpress\/plugins\/seo\/ -->\n<title>Dhurim - Caccia all&#039;ingiustizia<\/title>\n<meta name=\"robots\" content=\"index, follow, max-snippet:-1, max-image-preview:large, max-video-preview:-1\" \/>\n<link rel=\"canonical\" href=\"https:\/\/cacciaingiustizia.ch\/sq\/dhurim\/\" \/>\n<meta property=\"og:locale\" content=\"sq_AL\" \/>\n<meta property=\"og:type\" content=\"article\" \/>\n<meta property=\"og:title\" content=\"Dhurim - Caccia all&#039;ingiustizia\" \/>\n<meta property=\"og:description\" content=\"DHURO TANI DHURIME USHQIMORE Te dhurosh tepricat ushqimore te rafteve tuaja shoqates Gjueti padrejtesise do te thote te besh nje gjest te denje qe i rikthen te mirave vleren qe e kishin humbur ,por ne vecanti do te thote te investosh mbi njeriun. Behet fjale ne fakt per nje gjest bamiresie dhe qellimi te mire [&hellip;]\" \/>\n<meta property=\"og:url\" content=\"https:\/\/cacciaingiustizia.ch\/sq\/dhurim\/\" \/>\n<meta property=\"og:site_name\" content=\"Caccia all&#039;ingiustizia\" \/>\n<meta property=\"article:modified_time\" content=\"2022-04-19T13:03:52+00:00\" \/>\n<meta name=\"twitter:card\" content=\"summary_large_image\" \/>\n<meta name=\"twitter:label1\" content=\"Est. reading time\" \/>\n\t<meta name=\"twitter:data1\" content=\"3 minutes\" \/>\n<script type=\"application\/ld+json\" class=\"yoast-schema-graph\">{\"@context\":\"https:\/\/schema.org\",\"@graph\":[{\"@type\":\"WebPage\",\"@id\":\"https:\/\/cacciaingiustizia.ch\/sq\/dhurim\/\",\"url\":\"https:\/\/cacciaingiustizia.ch\/sq\/dhurim\/\",\"name\":\"Dhurim - Caccia all&#039;ingiustizia\",\"isPartOf\":{\"@id\":\"https:\/\/cacciaingiustizia.ch\/#website\"},\"datePublished\":\"2021-08-19T14:21:24+00:00\",\"dateModified\":\"2022-04-19T13:03:52+00:00\",\"breadcrumb\":{\"@id\":\"https:\/\/cacciaingiustizia.ch\/sq\/dhurim\/#breadcrumb\"},\"inLanguage\":\"sq-AL\",\"potentialAction\":[{\"@type\":\"ReadAction\",\"target\":[\"https:\/\/cacciaingiustizia.ch\/sq\/dhurim\/\"]}]},{\"@type\":\"BreadcrumbList\",\"@id\":\"https:\/\/cacciaingiustizia.ch\/sq\/dhurim\/#breadcrumb\",\"itemListElement\":[{\"@type\":\"ListItem\",\"position\":1,\"name\":\"Home\",\"item\":\"https:\/\/cacciaingiustizia.ch\/sq\/\"},{\"@type\":\"ListItem\",\"position\":2,\"name\":\"Dhurim\"}]},{\"@type\":\"WebSite\",\"@id\":\"https:\/\/cacciaingiustizia.ch\/#website\",\"url\":\"https:\/\/cacciaingiustizia.ch\/\",\"name\":\"Caccia all&#039;ingiustizia\",\"description\":\"\",\"publisher\":{\"@id\":\"https:\/\/cacciaingiustizia.ch\/#organization\"},\"potentialAction\":[{\"@type\":\"SearchAction\",\"target\":{\"@type\":\"EntryPoint\",\"urlTemplate\":\"https:\/\/cacciaingiustizia.ch\/?s={search_term_string}\"},\"query-input\":\"required name=search_term_string\"}],\"inLanguage\":\"sq-AL\"},{\"@type\":\"Organization\",\"@id\":\"https:\/\/cacciaingiustizia.ch\/#organization\",\"name\":\"Caccia all&#039;ingiustizia\",\"url\":\"https:\/\/cacciaingiustizia.ch\/\",\"logo\":{\"@type\":\"ImageObject\",\"inLanguage\":\"sq-AL\",\"@id\":\"https:\/\/cacciaingiustizia.ch\/#\/schema\/logo\/image\/\",\"url\":\"https:\/\/cacciaingiustizia.ch\/wp-content\/uploads\/2021\/08\/caccia-ingiustizia-logo-web-white.png\",\"contentUrl\":\"https:\/\/cacciaingiustizia.ch\/wp-content\/uploads\/2021\/08\/caccia-ingiustizia-logo-web-white.png\",\"width\":300,\"height\":161,\"caption\":\"Caccia all&#039;ingiustizia\"},\"image\":{\"@id\":\"https:\/\/cacciaingiustizia.ch\/#\/schema\/logo\/image\/\"}}]}<\/script>\n<!-- \/ Yoast SEO plugin. -->","yoast_head_json":{"title":"Dhurim - Caccia all&#039;ingiustizia","robots":{"index":"index","follow":"follow","max-snippet":"max-snippet:-1","max-image-preview":"max-image-preview:large","max-video-preview":"max-video-preview:-1"},"canonical":"https:\/\/cacciaingiustizia.ch\/sq\/dhurim\/","og_locale":"sq_AL","og_type":"article","og_title":"Dhurim - Caccia all&#039;ingiustizia","og_description":"DHURO TANI DHURIME USHQIMORE Te dhurosh tepricat ushqimore te rafteve tuaja shoqates Gjueti padrejtesise do te thote te besh nje gjest te denje qe i rikthen te mirave vleren qe e kishin humbur ,por ne vecanti do te thote te investosh mbi njeriun. Behet fjale ne fakt per nje gjest bamiresie dhe qellimi te mire [&hellip;]","og_url":"https:\/\/cacciaingiustizia.ch\/sq\/dhurim\/","og_site_name":"Caccia all&#039;ingiustizia","article_modified_time":"2022-04-19T13:03:52+00:00","twitter_card":"summary_large_image","twitter_misc":{"Est. reading time":"3 minutes"},"schema":{"@context":"https:\/\/schema.org","@graph":[{"@type":"WebPage","@id":"https:\/\/cacciaingiustizia.ch\/sq\/dhurim\/","url":"https:\/\/cacciaingiustizia.ch\/sq\/dhurim\/","name":"Dhurim - Caccia all&#039;ingiustizia","isPartOf":{"@id":"https:\/\/cacciaingiustizia.ch\/#website"},"datePublished":"2021-08-19T14:21:24+00:00","dateModified":"2022-04-19T13:03:52+00:00","breadcrumb":{"@id":"https:\/\/cacciaingiustizia.ch\/sq\/dhurim\/#breadcrumb"},"inLanguage":"sq-AL","potentialAction":[{"@type":"ReadAction","target":["https:\/\/cacciaingiustizia.ch\/sq\/dhurim\/"]}]},{"@type":"BreadcrumbList","@id":"https:\/\/cacciaingiustizia.ch\/sq\/dhurim\/#breadcrumb","itemListElement":[{"@type":"ListItem","position":1,"name":"Home","item":"https:\/\/cacciaingiustizia.ch\/sq\/"},{"@type":"ListItem","position":2,"name":"Dhurim"}]},{"@type":"WebSite","@id":"https:\/\/cacciaingiustizia.ch\/#website","url":"https:\/\/cacciaingiustizia.ch\/","name":"Caccia all&#039;ingiustizia","description":"","publisher":{"@id":"https:\/\/cacciaingiustizia.ch\/#organization"},"potentialAction":[{"@type":"SearchAction","target":{"@type":"EntryPoint","urlTemplate":"https:\/\/cacciaingiustizia.ch\/?s={search_term_string}"},"query-input":"required name=search_term_string"}],"inLanguage":"sq-AL"},{"@type":"Organization","@id":"https:\/\/cacciaingiustizia.ch\/#organization","name":"Caccia all&#039;ingiustizia","url":"https:\/\/cacciaingiustizia.ch\/","logo":{"@type":"ImageObject","inLanguage":"sq-AL","@id":"https:\/\/cacciaingiustizia.ch\/#\/schema\/logo\/image\/","url":"https:\/\/cacciaingiustizia.ch\/wp-content\/uploads\/2021\/08\/caccia-ingiustizia-logo-web-white.png","contentUrl":"https:\/\/cacciaingiustizia.ch\/wp-content\/uploads\/2021\/08\/caccia-ingiustizia-logo-web-white.png","width":300,"height":161,"caption":"Caccia all&#039;ingiustizia"},"image":{"@id":"https:\/\/cacciaingiustizia.ch\/#\/schema\/logo\/image\/"}}]}},"_links":{"self":[{"href":"https:\/\/cacciaingiustizia.ch\/sq\/wp-json\/wp\/v2\/pages\/1055"}],"collection":[{"href":"https:\/\/cacciaingiustizia.ch\/sq\/wp-json\/wp\/v2\/pages"}],"about":[{"href":"https:\/\/cacciaingiustizia.ch\/sq\/wp-json\/wp\/v2\/types\/page"}],"author":[{"embeddable":true,"href":"https:\/\/cacciaingiustizia.ch\/sq\/wp-json\/wp\/v2\/users\/2"}],"replies":[{"embeddable":true,"href":"https:\/\/cacciaingiustizia.ch\/sq\/wp-json\/wp\/v2\/comments?post=1055"}],"version-history":[{"count":21,"href":"https:\/\/cacciaingiustizia.ch\/sq\/wp-json\/wp\/v2\/pages\/1055\/revisions"}],"predecessor-version":[{"id":1095,"href":"https:\/\/cacciaingiustizia.ch\/sq\/wp-json\/wp\/v2\/pages\/1055\/revisions\/1095"}],"wp:attachment":[{"href":"https:\/\/cacciaingiustizia.ch\/sq\/wp-json\/wp\/v2\/media?parent=1055"}],"curies":[{"name":"wp","href":"https:\/\/api.w.org\/{rel}","templated":true}]}}